{"id":61,"date":"2023-06-19T11:00:19","date_gmt":"2023-06-19T09:00:19","guid":{"rendered":"https:\/\/www.hotellondressthonore-paris.com\/?page_id=61"},"modified":"2025-07-04T12:20:09","modified_gmt":"2025-07-04T10:20:09","slug":"notizie","status":"publish","type":"page","link":"https:\/\/www.hotellondressthonore-paris.com\/it\/actualites\/","title":{"rendered":"Notizie"},"content":{"rendered":"<div data-elementor-type=\"wp-page\" data-elementor-id=\"61\" class=\"elementor elementor-61\" data-elementor-post-type=\"page\">\n\t\t\t\t<div class=\"elementor-element elementor-element-643a346 e-con-full e-flex e-con e-parent\" data-id=\"643a346\" data-element_type=\"container\" data-e-type=\"container\" data-settings=\"{&quot;background_background&quot;:&quot;classic&quot;}\">\n\t\t\t\t<div class=\"elementor-element elementor-element-20bbd5d elementor-widget elementor-widget-heading\" data-id=\"20bbd5d\" data-element_type=\"widget\" data-e-type=\"widget\" data-widget_type=\"heading.default\">\n\t\t\t\t<div class=\"elementor-widget-container\">\n\t\t\t\t\t<h1 class=\"elementor-heading-title elementor-size-default\">Notizie<\/h1>\t\t\t\t<\/div>\n\t\t\t\t<\/div>\n\t\t\t\t<\/div>\n\t\t<div class=\"elementor-element elementor-element-6f87b8c e-flex e-con-boxed e-con e-parent\" data-id=\"6f87b8c\" data-element_type=\"container\" data-e-type=\"container\">\n\t\t\t\t\t<div class=\"e-con-inner\">\n\t\t\t\t<div class=\"elementor-element elementor-element-f8521d3 elementor-grid-2 elementor-posts--align-center elementor-grid-tablet-2 elementor-grid-mobile-1 elementor-posts--thumbnail-top elementor-widget elementor-widget-posts\" data-id=\"f8521d3\" data-element_type=\"widget\" data-e-type=\"widget\" data-settings=\"{&quot;classic_columns&quot;:&quot;2&quot;,&quot;pagination_type&quot;:&quot;numbers&quot;,&quot;classic_columns_tablet&quot;:&quot;2&quot;,&quot;classic_columns_mobile&quot;:&quot;1&quot;,&quot;classic_row_gap&quot;:{&quot;unit&quot;:&quot;px&quot;,&quot;size&quot;:35,&quot;sizes&quot;:[]},&quot;classic_row_gap_tablet&quot;:{&quot;unit&quot;:&quot;px&quot;,&quot;size&quot;:&quot;&quot;,&quot;sizes&quot;:[]},&quot;classic_row_gap_mobile&quot;:{&quot;unit&quot;:&quot;px&quot;,&quot;size&quot;:&quot;&quot;,&quot;sizes&quot;:[]}}\" data-widget_type=\"posts.classic\">\n\t\t\t\t<div class=\"elementor-widget-container\">\n\t\t\t\t\t\t\t<div class=\"elementor-posts-container elementor-posts elementor-posts--skin-classic elementor-grid\" role=\"list\">\n\t\t\t\t<article class=\"elementor-post elementor-grid-item post-4222 post type-post status-publish format-standard has-post-thumbnail hentry category-non-classe\" role=\"listitem\">\n\t\t\t\t<a class=\"elementor-post__thumbnail__link\" href=\"https:\/\/www.hotellondressthonore-paris.com\/it\/hotel-jardin-des-tuileries\/\" tabindex=\"-1\" >\n\t\t\t<div class=\"elementor-post__thumbnail\"><img fetchpriority=\"high\" decoding=\"async\" width=\"1920\" height=\"1280\" src=\"https:\/\/www.hotellondressthonore-paris.com\/wp-content\/uploads\/2025\/07\/jardins-des-tuileries-paris-.jpg\" class=\"attachment-full size-full wp-image-4051\" alt=\"Giardini delle Tuileries e Museo del Louvre\" title=\"\" srcset=\"https:\/\/www.hotellondressthonore-paris.com\/wp-content\/uploads\/2025\/07\/jardins-des-tuileries-paris-.jpg 1920w, https:\/\/www.hotellondressthonore-paris.com\/wp-content\/uploads\/2025\/07\/jardins-des-tuileries-paris--300x200.jpg 300w, https:\/\/www.hotellondressthonore-paris.com\/wp-content\/uploads\/2025\/07\/jardins-des-tuileries-paris--1024x683.jpg 1024w, https:\/\/www.hotellondressthonore-paris.com\/wp-content\/uploads\/2025\/07\/jardins-des-tuileries-paris--768x512.jpg 768w, https:\/\/www.hotellondressthonore-paris.com\/wp-content\/uploads\/2025\/07\/jardins-des-tuileries-paris--1536x1024.jpg 1536w, https:\/\/www.hotellondressthonore-paris.com\/wp-content\/uploads\/2025\/07\/jardins-des-tuileries-paris--18x12.jpg 18w\" sizes=\"(max-width: 1920px) 100vw, 1920px\" \/><\/div>\n\t\t<\/a>\n\t\t\t\t<div class=\"elementor-post__text\">\n\t\t\t\t<h3 class=\"elementor-post__title\">\n\t\t\t<a href=\"https:\/\/www.hotellondressthonore-paris.com\/it\/hotel-jardin-des-tuileries\/\" >\n\t\t\t\tHotel Jardin des Tuileries: soggiorno nel cuore di Parigi all'H\u00f4tel Londres Saint-Honor\u00e9\t\t\t<\/a>\n\t\t<\/h3>\n\t\t\t\t<div class=\"elementor-post__meta-data\">\n\t\t\t\t\t<span class=\"elementor-post-date\">\n\t\t\t23 aprile 2026\t\t<\/span>\n\t\t\t\t<\/div>\n\t\t\t\t<div class=\"elementor-post__excerpt\">\n\t\t\t<p>Perch\u00e9 scegliere un hotel a due passi dai Giardini delle Tuileries per vivere Parigi a piedi? Soggiornare vicino alle Tuileries \u00e8 un ottimo modo per scoprire Parigi<\/p>\n\t\t<\/div>\n\t\t\n\t\t<a class=\"elementor-post__read-more\" href=\"https:\/\/www.hotellondressthonore-paris.com\/it\/hotel-jardin-des-tuileries\/\" aria-label=\"Leggi tutto H\u00f4tel jardin des Tuileries : s\u00e9journer au c\u0153ur de Paris \u00e0 l\u2019H\u00f4tel Londres Saint-Honor\u00e9\" tabindex=\"-1\" >\n\t\t\tPer saperne di pi\u00f9 \"\t\t<\/a>\n\n\t\t\t\t<\/div>\n\t\t\t\t<\/article>\n\t\t\t\t<article class=\"elementor-post elementor-grid-item post-4218 post type-post status-publish format-standard has-post-thumbnail hentry category-non-classe\" role=\"listitem\">\n\t\t\t\t<a class=\"elementor-post__thumbnail__link\" href=\"https:\/\/www.hotellondressthonore-paris.com\/it\/hotel-centre-paris\/\" tabindex=\"-1\" >\n\t\t\t<div class=\"elementor-post__thumbnail\"><img decoding=\"async\" width=\"1920\" height=\"1280\" src=\"https:\/\/www.hotellondressthonore-paris.com\/wp-content\/uploads\/2025\/07\/chaises-jardin-des-tuileries.jpg\" class=\"attachment-full size-full wp-image-4050\" alt=\"fontana nei Giardini delle Tuileries a Parigi\" title=\"\" srcset=\"https:\/\/www.hotellondressthonore-paris.com\/wp-content\/uploads\/2025\/07\/chaises-jardin-des-tuileries.jpg 1920w, https:\/\/www.hotellondressthonore-paris.com\/wp-content\/uploads\/2025\/07\/chaises-jardin-des-tuileries-300x200.jpg 300w, https:\/\/www.hotellondressthonore-paris.com\/wp-content\/uploads\/2025\/07\/chaises-jardin-des-tuileries-1024x683.jpg 1024w, https:\/\/www.hotellondressthonore-paris.com\/wp-content\/uploads\/2025\/07\/chaises-jardin-des-tuileries-768x512.jpg 768w, https:\/\/www.hotellondressthonore-paris.com\/wp-content\/uploads\/2025\/07\/chaises-jardin-des-tuileries-1536x1024.jpg 1536w, https:\/\/www.hotellondressthonore-paris.com\/wp-content\/uploads\/2025\/07\/chaises-jardin-des-tuileries-18x12.jpg 18w\" sizes=\"(max-width: 1920px) 100vw, 1920px\" \/><\/div>\n\t\t<\/a>\n\t\t\t\t<div class=\"elementor-post__text\">\n\t\t\t\t<h3 class=\"elementor-post__title\">\n\t\t\t<a href=\"https:\/\/www.hotellondressthonore-paris.com\/it\/hotel-centre-paris\/\" >\n\t\t\t\tHotel nel centro di Parigi: soggiornate nel cuore del 1\u00b0 arrondissement all'H\u00f4tel Londres Saint-Honor\u00e9\t\t\t<\/a>\n\t\t<\/h3>\n\t\t\t\t<div class=\"elementor-post__meta-data\">\n\t\t\t\t\t<span class=\"elementor-post-date\">\n\t\t\t26 marzo 2026\t\t<\/span>\n\t\t\t\t<\/div>\n\t\t\t\t<div class=\"elementor-post__excerpt\">\n\t\t\t<p>Perch\u00e9 scegliere un hotel nel centro di Parigi per vivere la capitale in modo diverso? Soggiornare nel centro di Parigi cambia il modo in cui si<\/p>\n\t\t<\/div>\n\t\t\n\t\t<a class=\"elementor-post__read-more\" href=\"https:\/\/www.hotellondressthonore-paris.com\/it\/hotel-centre-paris\/\" aria-label=\"Leggi tutto H\u00f4tel centre de Paris : s\u00e9journer au c\u0153ur du 1er arrondissement \u00e0 l\u2019H\u00f4tel Londres Saint-Honor\u00e9\" tabindex=\"-1\" >\n\t\t\tPer saperne di pi\u00f9 \"\t\t<\/a>\n\n\t\t\t\t<\/div>\n\t\t\t\t<\/article>\n\t\t\t\t<article class=\"elementor-post elementor-grid-item post-4206 post type-post status-publish format-standard has-post-thumbnail hentry category-non-classe\" role=\"listitem\">\n\t\t\t\t<a class=\"elementor-post__thumbnail__link\" href=\"https:\/\/www.hotellondressthonore-paris.com\/it\/hotel-proche-place-vendome\/\" tabindex=\"-1\" >\n\t\t\t<div class=\"elementor-post__thumbnail\"><img decoding=\"async\" width=\"2121\" height=\"1414\" src=\"https:\/\/www.hotellondressthonore-paris.com\/wp-content\/uploads\/2025\/02\/GettyImages-146816398.jpg\" class=\"attachment-full size-full wp-image-3555\" alt=\"Place Vend\u00f4me a Parigi\" title=\"\" srcset=\"https:\/\/www.hotellondressthonore-paris.com\/wp-content\/uploads\/2025\/02\/GettyImages-146816398.jpg 2121w, https:\/\/www.hotellondressthonore-paris.com\/wp-content\/uploads\/2025\/02\/GettyImages-146816398-300x200.jpg 300w, https:\/\/www.hotellondressthonore-paris.com\/wp-content\/uploads\/2025\/02\/GettyImages-146816398-1024x683.jpg 1024w, https:\/\/www.hotellondressthonore-paris.com\/wp-content\/uploads\/2025\/02\/GettyImages-146816398-768x512.jpg 768w, https:\/\/www.hotellondressthonore-paris.com\/wp-content\/uploads\/2025\/02\/GettyImages-146816398-1536x1024.jpg 1536w, https:\/\/www.hotellondressthonore-paris.com\/wp-content\/uploads\/2025\/02\/GettyImages-146816398-2048x1365.jpg 2048w, https:\/\/www.hotellondressthonore-paris.com\/wp-content\/uploads\/2025\/02\/GettyImages-146816398-18x12.jpg 18w\" sizes=\"(max-width: 2121px) 100vw, 2121px\" \/><\/div>\n\t\t<\/a>\n\t\t\t\t<div class=\"elementor-post__text\">\n\t\t\t\t<h3 class=\"elementor-post__title\">\n\t\t\t<a href=\"https:\/\/www.hotellondressthonore-paris.com\/it\/hotel-proche-place-vendome\/\" >\n\t\t\t\tHotel vicino a Place Vend\u00f4me: soggiornate nel cuore dell'eleganza parigina all'H\u00f4tel Londres Saint-Honor\u00e9\t\t\t<\/a>\n\t\t<\/h3>\n\t\t\t\t<div class=\"elementor-post__meta-data\">\n\t\t\t\t\t<span class=\"elementor-post-date\">\n\t\t\t24 febbraio 2026\t\t<\/span>\n\t\t\t\t<\/div>\n\t\t\t\t<div class=\"elementor-post__excerpt\">\n\t\t\t<p>Perch\u00e9 scegliere un hotel vicino a Place Vend\u00f4me per il vostro soggiorno a Parigi? Soggiornare in un hotel vicino a Place Vend\u00f4me significa<\/p>\n\t\t<\/div>\n\t\t\n\t\t<a class=\"elementor-post__read-more\" href=\"https:\/\/www.hotellondressthonore-paris.com\/it\/hotel-proche-place-vendome\/\" aria-label=\"Leggi tutto H\u00f4tel proche place Vend\u00f4me : s\u00e9journez au c\u0153ur de l\u2019\u00e9l\u00e9gance parisienne \u00e0 l\u2019H\u00f4tel Londres Saint-Honor\u00e9\" tabindex=\"-1\" >\n\t\t\tPer saperne di pi\u00f9 \"\t\t<\/a>\n\n\t\t\t\t<\/div>\n\t\t\t\t<\/article>\n\t\t\t\t<article class=\"elementor-post elementor-grid-item post-4202 post type-post status-publish format-standard has-post-thumbnail hentry category-non-classe\" role=\"listitem\">\n\t\t\t\t<a class=\"elementor-post__thumbnail__link\" href=\"https:\/\/www.hotellondressthonore-paris.com\/it\/week-end-a-paris-en-amoureux\/\" tabindex=\"-1\" >\n\t\t\t<div class=\"elementor-post__thumbnail\"><img loading=\"lazy\" decoding=\"async\" width=\"1920\" height=\"1280\" src=\"https:\/\/www.hotellondressthonore-paris.com\/wp-content\/uploads\/2026\/01\/weekend-a-paris-en-amoureux.jpg\" class=\"attachment-full size-full wp-image-4203\" alt=\"weekend romantico a Parigi\" title=\"\" srcset=\"https:\/\/www.hotellondressthonore-paris.com\/wp-content\/uploads\/2026\/01\/weekend-a-paris-en-amoureux.jpg 1920w, https:\/\/www.hotellondressthonore-paris.com\/wp-content\/uploads\/2026\/01\/weekend-a-paris-en-amoureux-300x200.jpg 300w, https:\/\/www.hotellondressthonore-paris.com\/wp-content\/uploads\/2026\/01\/weekend-a-paris-en-amoureux-1024x683.jpg 1024w, https:\/\/www.hotellondressthonore-paris.com\/wp-content\/uploads\/2026\/01\/weekend-a-paris-en-amoureux-768x512.jpg 768w, https:\/\/www.hotellondressthonore-paris.com\/wp-content\/uploads\/2026\/01\/weekend-a-paris-en-amoureux-1536x1024.jpg 1536w, https:\/\/www.hotellondressthonore-paris.com\/wp-content\/uploads\/2026\/01\/weekend-a-paris-en-amoureux-18x12.jpg 18w\" sizes=\"(max-width: 1920px) 100vw, 1920px\" \/><\/div>\n\t\t<\/a>\n\t\t\t\t<div class=\"elementor-post__text\">\n\t\t\t\t<h3 class=\"elementor-post__title\">\n\t\t\t<a href=\"https:\/\/www.hotellondressthonore-paris.com\/it\/week-end-a-paris-en-amoureux\/\" >\n\t\t\t\tUn weekend romantico a Parigi: l'eleganza di una fuga d'amore nel cuore della capitale\t\t\t<\/a>\n\t\t<\/h3>\n\t\t\t\t<div class=\"elementor-post__meta-data\">\n\t\t\t\t\t<span class=\"elementor-post-date\">\n\t\t\t27 Gennaio 2026\t\t<\/span>\n\t\t\t\t<\/div>\n\t\t\t\t<div class=\"elementor-post__excerpt\">\n\t\t\t<p>Perch\u00e9 Parigi \u00e8 ancora la meta ideale per un weekend romantico? Quando si tratta di un weekend fuori porta, Parigi \u00e8 la scelta pi\u00f9 ovvia.<\/p>\n\t\t<\/div>\n\t\t\n\t\t<a class=\"elementor-post__read-more\" href=\"https:\/\/www.hotellondressthonore-paris.com\/it\/week-end-a-paris-en-amoureux\/\" aria-label=\"Leggi tutto Week-end \u00e0 Paris en amoureux : l\u2019\u00e9l\u00e9gance d\u2019une escapade romantique au c\u0153ur de la capitale\" tabindex=\"-1\" >\n\t\t\tPer saperne di pi\u00f9 \"\t\t<\/a>\n\n\t\t\t\t<\/div>\n\t\t\t\t<\/article>\n\t\t\t\t<article class=\"elementor-post elementor-grid-item post-4196 post type-post status-publish format-standard has-post-thumbnail hentry category-non-classe\" role=\"listitem\">\n\t\t\t\t<a class=\"elementor-post__thumbnail__link\" href=\"https:\/\/www.hotellondressthonore-paris.com\/it\/hotel-paris-proche-metro\/\" tabindex=\"-1\" >\n\t\t\t<div class=\"elementor-post__thumbnail\"><img loading=\"lazy\" decoding=\"async\" width=\"1920\" height=\"1280\" src=\"https:\/\/www.hotellondressthonore-paris.com\/wp-content\/uploads\/2025\/12\/metro-paris.jpg\" class=\"attachment-full size-full wp-image-4197\" alt=\"La metropolitana che attraversa la Senna a Parigi\" title=\"\" srcset=\"https:\/\/www.hotellondressthonore-paris.com\/wp-content\/uploads\/2025\/12\/metro-paris.jpg 1920w, https:\/\/www.hotellondressthonore-paris.com\/wp-content\/uploads\/2025\/12\/metro-paris-300x200.jpg 300w, https:\/\/www.hotellondressthonore-paris.com\/wp-content\/uploads\/2025\/12\/metro-paris-1024x683.jpg 1024w, https:\/\/www.hotellondressthonore-paris.com\/wp-content\/uploads\/2025\/12\/metro-paris-768x512.jpg 768w, https:\/\/www.hotellondressthonore-paris.com\/wp-content\/uploads\/2025\/12\/metro-paris-1536x1024.jpg 1536w, https:\/\/www.hotellondressthonore-paris.com\/wp-content\/uploads\/2025\/12\/metro-paris-18x12.jpg 18w\" sizes=\"(max-width: 1920px) 100vw, 1920px\" \/><\/div>\n\t\t<\/a>\n\t\t\t\t<div class=\"elementor-post__text\">\n\t\t\t\t<h3 class=\"elementor-post__title\">\n\t\t\t<a href=\"https:\/\/www.hotellondressthonore-paris.com\/it\/hotel-paris-proche-metro\/\" >\n\t\t\t\tHotel Paris proche m\u00e9tro - H\u00f4tel Londres Saint-Honor\u00e9: comfort e accessibilit\u00e0 nel cuore del 1\u1d49\u02b3 arrondissement\t\t\t<\/a>\n\t\t<\/h3>\n\t\t\t\t<div class=\"elementor-post__meta-data\">\n\t\t\t\t\t<span class=\"elementor-post-date\">\n\t\t\t22 dicembre 2025\t\t<\/span>\n\t\t\t\t<\/div>\n\t\t\t\t<div class=\"elementor-post__excerpt\">\n\t\t\t<p>Qual \u00e8 la stazione della metropolitana pi\u00f9 vicina all'H\u00f4tel Londres Saint-Honor\u00e9? Situato in una posizione ideale nel cuore del 1\u1d49\u02b3 arrondissement, l'H\u00f4tel Londres Saint-Honor\u00e9 si distingue come un<\/p>\n\t\t<\/div>\n\t\t\n\t\t<a class=\"elementor-post__read-more\" href=\"https:\/\/www.hotellondressthonore-paris.com\/it\/hotel-paris-proche-metro\/\" aria-label=\"Leggi tutto H\u00f4tel Paris proche m\u00e9tro \u2014 H\u00f4tel Londres Saint-Honor\u00e9 : confort &amp; acc\u00e8s au c\u0153ur du 1\u1d49\u02b3 arrondissement\" tabindex=\"-1\" >\n\t\t\tPer saperne di pi\u00f9 \"\t\t<\/a>\n\n\t\t\t\t<\/div>\n\t\t\t\t<\/article>\n\t\t\t\t<article class=\"elementor-post elementor-grid-item post-4190 post type-post status-publish format-standard has-post-thumbnail hentry category-non-classe\" role=\"listitem\">\n\t\t\t\t<a class=\"elementor-post__thumbnail__link\" href=\"https:\/\/www.hotellondressthonore-paris.com\/it\/hotel-saint-honore\/\" tabindex=\"-1\" >\n\t\t\t<div class=\"elementor-post__thumbnail\"><img loading=\"lazy\" decoding=\"async\" width=\"1920\" height=\"1280\" src=\"https:\/\/www.hotellondressthonore-paris.com\/wp-content\/uploads\/2025\/11\/rue-saint-honore-paris.jpg\" class=\"attachment-full size-full wp-image-4191\" alt=\"rue Saint-Honor\u00e9, Parigi 1\u00b0 arrondissement\" title=\"\" srcset=\"https:\/\/www.hotellondressthonore-paris.com\/wp-content\/uploads\/2025\/11\/rue-saint-honore-paris.jpg 1920w, https:\/\/www.hotellondressthonore-paris.com\/wp-content\/uploads\/2025\/11\/rue-saint-honore-paris-300x200.jpg 300w, https:\/\/www.hotellondressthonore-paris.com\/wp-content\/uploads\/2025\/11\/rue-saint-honore-paris-1024x683.jpg 1024w, https:\/\/www.hotellondressthonore-paris.com\/wp-content\/uploads\/2025\/11\/rue-saint-honore-paris-768x512.jpg 768w, https:\/\/www.hotellondressthonore-paris.com\/wp-content\/uploads\/2025\/11\/rue-saint-honore-paris-1536x1024.jpg 1536w, https:\/\/www.hotellondressthonore-paris.com\/wp-content\/uploads\/2025\/11\/rue-saint-honore-paris-18x12.jpg 18w\" sizes=\"(max-width: 1920px) 100vw, 1920px\" \/><\/div>\n\t\t<\/a>\n\t\t\t\t<div class=\"elementor-post__text\">\n\t\t\t\t<h3 class=\"elementor-post__title\">\n\t\t\t<a href=\"https:\/\/www.hotellondressthonore-paris.com\/it\/hotel-saint-honore\/\" >\n\t\t\t\tH\u00f4tel Saint-Honor\u00e9: soggiorno nel cuore di Parigi presso l'H\u00f4tel Londres Saint-Honor\u00e9\t\t\t<\/a>\n\t\t<\/h3>\n\t\t\t\t<div class=\"elementor-post__meta-data\">\n\t\t\t\t\t<span class=\"elementor-post-date\">\n\t\t\t13 novembre 2025\t\t<\/span>\n\t\t\t\t<\/div>\n\t\t\t\t<div class=\"elementor-post__excerpt\">\n\t\t\t<p>Perch\u00e9 scegliere l'H\u00f4tel Londres Saint-Honor\u00e9 per un soggiorno a Parigi? Situato a pochi passi dal Louvre, da rue Saint-Honor\u00e9 e dai Giardini delle Tuileries,<\/p>\n\t\t<\/div>\n\t\t\n\t\t<a class=\"elementor-post__read-more\" href=\"https:\/\/www.hotellondressthonore-paris.com\/it\/hotel-saint-honore\/\" aria-label=\"Leggi tutto H\u00f4tel Saint-Honor\u00e9 : s\u00e9journez au c\u0153ur de Paris \u00e0 l\u2019H\u00f4tel Londres Saint-Honor\u00e9\" tabindex=\"-1\" >\n\t\t\tPer saperne di pi\u00f9 \"\t\t<\/a>\n\n\t\t\t\t<\/div>\n\t\t\t\t<\/article>\n\t\t\t\t<\/div>\n\t\t\n\t\t\t\t<div class=\"e-load-more-anchor\" data-page=\"1\" data-max-page=\"2\" data-next-page=\"https:\/\/www.hotellondressthonore-paris.com\/it\/wp-json\/wp\/v2\/pages\/61\/page\/2\/\"><\/div>\n\t\t\t\t<nav class=\"elementor-pagination\" aria-label=\"Paginazione\">\n\t\t\t<span aria-current=\"page\" class=\"page-numbers current\"><span class=\"elementor-screen-only\">Pagina<\/span>1<\/span>\n<a class=\"page-numbers\" href=\"https:\/\/www.hotellondressthonore-paris.com\/it\/wp-json\/wp\/v2\/pages\/61\/page\/2\/\"><span class=\"elementor-screen-only\">Pagina<\/span>2<\/a>\t\t<\/nav>\n\t\t\t\t\t\t<\/div>\n\t\t\t\t<\/div>\n\t\t\t\t\t<\/div>\n\t\t\t\t<\/div>\n\t\t\t\t<\/div>","protected":false},"excerpt":{"rendered":"<p>Notizie<\/p>","protected":false},"author":7,"featured_media":0,"parent":0,"menu_order":0,"comment_status":"closed","ping_status":"closed","template":"","meta":{"_acf_changed":false,"inline_featured_image":false,"footnotes":""},"class_list":["post-61","page","type-page","status-publish","hentry"],"acf":[],"_links":{"self":[{"href":"https:\/\/www.hotellondressthonore-paris.com\/it\/wp-json\/wp\/v2\/pages\/61","targetHints":{"allow":["GET"]}}],"collection":[{"href":"https:\/\/www.hotellondressthonore-paris.com\/it\/wp-json\/wp\/v2\/pages"}],"about":[{"href":"https:\/\/www.hotellondressthonore-paris.com\/it\/wp-json\/wp\/v2\/types\/page"}],"author":[{"embeddable":true,"href":"https:\/\/www.hotellondressthonore-paris.com\/it\/wp-json\/wp\/v2\/users\/7"}],"replies":[{"embeddable":true,"href":"https:\/\/www.hotellondressthonore-paris.com\/it\/wp-json\/wp\/v2\/comments?post=61"}],"version-history":[{"count":55,"href":"https:\/\/www.hotellondressthonore-paris.com\/it\/wp-json\/wp\/v2\/pages\/61\/revisions"}],"predecessor-version":[{"id":4068,"href":"https:\/\/www.hotellondressthonore-paris.com\/it\/wp-json\/wp\/v2\/pages\/61\/revisions\/4068"}],"wp:attachment":[{"href":"https:\/\/www.hotellondressthonore-paris.com\/it\/wp-json\/wp\/v2\/media?parent=61"}],"curies":[{"name":"wp","href":"https:\/\/api.w.org\/{rel}","templated":true}]}}