{"id":1485,"date":"2023-07-04T12:14:34","date_gmt":"2023-07-04T10:14:34","guid":{"rendered":"https:\/\/www.hotellondressthonore-paris.com\/?page_id=1485"},"modified":"2025-03-25T08:39:25","modified_gmt":"2025-03-25T07:39:25","slug":"hotel-musee-louvre","status":"publish","type":"page","link":"https:\/\/www.hotellondressthonore-paris.com\/it\/activites\/hotel-musee-louvre\/","title":{"rendered":"Museo del Louvre"},"content":{"rendered":"<div data-elementor-type=\"wp-page\" data-elementor-id=\"1485\" class=\"elementor elementor-1485\" data-elementor-post-type=\"page\">\n\t\t\t\t<div class=\"elementor-element elementor-element-21a5f571 e-con-full e-flex e-con e-parent\" data-id=\"21a5f571\" data-element_type=\"container\" data-e-type=\"container\" data-settings=\"{&quot;background_background&quot;:&quot;classic&quot;}\">\n\t\t\t\t<div class=\"elementor-element elementor-element-2d3625ad elementor-widget elementor-widget-heading\" data-id=\"2d3625ad\" data-element_type=\"widget\" data-e-type=\"widget\" data-widget_type=\"heading.default\">\n\t\t\t\t<div class=\"elementor-widget-container\">\n\t\t\t\t\t<span class=\"elementor-heading-title elementor-size-default\">Museo del Louvre<\/span>\t\t\t\t<\/div>\n\t\t\t\t<\/div>\n\t\t\t\t<div class=\"elementor-element elementor-element-7fcbf83 elementor-widget elementor-widget-heading\" data-id=\"7fcbf83\" data-element_type=\"widget\" data-e-type=\"widget\" data-widget_type=\"heading.default\">\n\t\t\t\t<div class=\"elementor-widget-container\">\n\t\t\t\t\t<h1 class=\"elementor-heading-title elementor-size-default\">Albergo Louvre Saint-Honor\u00e9<\/h1>\t\t\t\t<\/div>\n\t\t\t\t<\/div>\n\t\t\t\t<\/div>\n\t\t<div class=\"elementor-element elementor-element-6b265e8f e-con-full e-flex e-con e-parent\" data-id=\"6b265e8f\" data-element_type=\"container\" data-e-type=\"container\">\n\t\t\t\t<div class=\"elementor-element elementor-element-6cf58dfb elementor-mobile-align-center elementor-widget elementor-widget-button\" data-id=\"6cf58dfb\" data-element_type=\"widget\" data-e-type=\"widget\" data-widget_type=\"button.default\">\n\t\t\t\t<div class=\"elementor-widget-container\">\n\t\t\t\t\t\t\t\t\t<div class=\"elementor-button-wrapper\">\n\t\t\t\t\t<a class=\"elementor-button elementor-button-link elementor-size-sm\" href=\"https:\/\/www.hotellondressthonore-paris.com\/it\/activites\/hotel-paris-1er\/\">\n\t\t\t\t\t\t<span class=\"elementor-button-content-wrapper\">\n\t\t\t\t\t\t<span class=\"elementor-button-icon\">\n\t\t\t\t<i aria-hidden=\"true\" class=\"eliofont eliofont-arrow-left\"><\/i>\t\t\t<\/span>\n\t\t\t\t\t\t\t\t\t<span class=\"elementor-button-text\">Destinazione precedente<\/span>\n\t\t\t\t\t<\/span>\n\t\t\t\t\t<\/a>\n\t\t\t\t<\/div>\n\t\t\t\t\t\t\t\t<\/div>\n\t\t\t\t<\/div>\n\t\t\t\t<div class=\"elementor-element elementor-element-24ece21e elementor-mobile-align-center elementor-widget elementor-widget-button\" data-id=\"24ece21e\" data-element_type=\"widget\" data-e-type=\"widget\" data-widget_type=\"button.default\">\n\t\t\t\t<div class=\"elementor-widget-container\">\n\t\t\t\t\t\t\t\t\t<div class=\"elementor-button-wrapper\">\n\t\t\t\t\t<a class=\"elementor-button elementor-button-link elementor-size-sm\" href=\"https:\/\/www.hotellondressthonore-paris.com\/it\/activites\/hotel-quartier-opera\/\">\n\t\t\t\t\t\t<span class=\"elementor-button-content-wrapper\">\n\t\t\t\t\t\t<span class=\"elementor-button-icon\">\n\t\t\t\t<i aria-hidden=\"true\" class=\"eliofont eliofont-arrow-right\"><\/i>\t\t\t<\/span>\n\t\t\t\t\t\t\t\t\t<span class=\"elementor-button-text\">Prossima destinazione<\/span>\n\t\t\t\t\t<\/span>\n\t\t\t\t\t<\/a>\n\t\t\t\t<\/div>\n\t\t\t\t\t\t\t\t<\/div>\n\t\t\t\t<\/div>\n\t\t\t\t<\/div>\n\t\t<div class=\"elementor-element elementor-element-8b98dc5 e-con-full fade-bloc e-flex e-con e-parent\" data-id=\"8b98dc5\" data-element_type=\"container\" data-e-type=\"container\" data-settings=\"{&quot;background_background&quot;:&quot;classic&quot;}\">\n\t\t<div class=\"elementor-element elementor-element-ab57f8e e-con-full fade-content e-flex e-con e-child\" data-id=\"ab57f8e\" data-element_type=\"container\" data-e-type=\"container\" data-settings=\"{&quot;background_background&quot;:&quot;classic&quot;}\">\n\t\t<div class=\"elementor-element elementor-element-a5cfbd0 e-flex e-con-boxed e-con e-child\" data-id=\"a5cfbd0\" data-element_type=\"container\" data-e-type=\"container\">\n\t\t\t\t\t<div class=\"e-con-inner\">\n\t\t\t\t<div class=\"elementor-element elementor-element-411b5c9 fade-title elementor-widget elementor-widget-heading\" data-id=\"411b5c9\" data-element_type=\"widget\" data-e-type=\"widget\" data-widget_type=\"heading.default\">\n\t\t\t\t<div class=\"elementor-widget-container\">\n\t\t\t\t\t<h2 class=\"elementor-heading-title elementor-size-default\">Il Museo del Louvre<\/h2>\t\t\t\t<\/div>\n\t\t\t\t<\/div>\n\t\t\t\t<div class=\"elementor-element elementor-element-b2743e7 fade-text elementor-widget elementor-widget-text-editor\" data-id=\"b2743e7\" data-element_type=\"widget\" data-e-type=\"widget\" data-widget_type=\"text-editor.default\">\n\t\t\t\t<div class=\"elementor-widget-container\">\n\t\t\t\t\t\t\t\t\t<p>Soggiornare a Parigi significa avere il privilegio di esplorare uno dei musei pi\u00f9 famosi del mondo: il Louvre. Situato a pochi minuti dal vostro hotel, questo ex palazzo reale \u00e8 oggi un vero e proprio tempio dell'arte e della storia, che ospita oltre 35.000 opere d'arte.<\/p><p>Appena arrivati, sarete colpiti dall'emblematica piramide di vetro che si erge orgogliosa nella Cour Napol\u00e9on, in contrasto con l'architettura classica del palazzo. Una volta entrati, vi aspetta un viaggio attraverso i secoli: dall'antichit\u00e0 egizia ai capolavori del Rinascimento, passando per le sculture greche e romane.<\/p>\t\t\t\t\t\t\t\t<\/div>\n\t\t\t\t<\/div>\n\t\t\t\t\t<\/div>\n\t\t\t\t<\/div>\n\t\t\t\t<\/div>\n\t\t<div class=\"elementor-element elementor-element-69440c2 e-con-full e-flex e-con e-child\" data-id=\"69440c2\" data-element_type=\"container\" data-e-type=\"container\" data-settings=\"{&quot;background_background&quot;:&quot;classic&quot;}\">\n\t\t\t\t<\/div>\n\t\t\t\t<\/div>\n\t\t<div class=\"elementor-element elementor-element-2c37ba1 e-con-full fade-bloc e-flex e-con e-parent\" data-id=\"2c37ba1\" data-element_type=\"container\" data-e-type=\"container\">\n\t\t<div class=\"elementor-element elementor-element-fdf873a e-con-full fade-content e-flex e-con e-child\" data-id=\"fdf873a\" data-element_type=\"container\" data-e-type=\"container\" data-settings=\"{&quot;background_background&quot;:&quot;classic&quot;}\">\n\t\t<div class=\"elementor-element elementor-element-1514018 e-flex e-con-boxed e-con e-child\" data-id=\"1514018\" data-element_type=\"container\" data-e-type=\"container\">\n\t\t\t\t\t<div class=\"e-con-inner\">\n\t\t\t\t<div class=\"elementor-element elementor-element-1f9d61e fade-title elementor-widget elementor-widget-heading\" data-id=\"1f9d61e\" data-element_type=\"widget\" data-e-type=\"widget\" data-widget_type=\"heading.default\">\n\t\t\t\t<div class=\"elementor-widget-container\">\n\t\t\t\t\t<h2 class=\"elementor-heading-title elementor-size-default\">Un tesoro d'arte e di storia a due passi dal vostro hotel<\/h2>\t\t\t\t<\/div>\n\t\t\t\t<\/div>\n\t\t\t\t<div class=\"elementor-element elementor-element-a275462 fade-text elementor-widget elementor-widget-text-editor\" data-id=\"a275462\" data-element_type=\"widget\" data-e-type=\"widget\" data-widget_type=\"text-editor.default\">\n\t\t\t\t<div class=\"elementor-widget-container\">\n\t\t\t\t\t\t\t\t\t<p>Tra le attrazioni imperdibili ci sono la Gioconda, il cui sorriso misterioso affascina i visitatori di tutto il mondo, e la Venere di Milo e la Vittoria di Samotracia, simboli della bellezza antica. Passeggiate nella sontuosa Galleria di Apollo, che ha ispirato la Sala degli Specchi di Versailles, e immergetevi nella storia della Francia attraverso gli appartamenti di Napoleone III.<\/p><p>Oltre alle sue prestigiose collezioni, il Louvre \u00e8 anche un luogo dove passeggiare e rilassarsi. Fate una pausa nella Cour Carr\u00e9e o nel magnifico Jardin des Tuileries, ideale per una passeggiata dopo la visita.<\/p><p>Che siate amanti dell'arte, appassionati di storia o semplicemente curiosi, il Louvre \u00e8 un'esperienza unica da vivere durante il vostro soggiorno. Prendetevi il tempo di perdervi nelle sue gallerie, ammirate i suoi tesori e immergetevi nell'anima artistica di Parigi.<\/p>\t\t\t\t\t\t\t\t<\/div>\n\t\t\t\t<\/div>\n\t\t\t\t\t<\/div>\n\t\t\t\t<\/div>\n\t\t\t\t<\/div>\n\t\t<div class=\"elementor-element elementor-element-83c4571 e-con-full e-flex e-con e-child\" data-id=\"83c4571\" data-element_type=\"container\" data-e-type=\"container\" data-settings=\"{&quot;background_background&quot;:&quot;classic&quot;}\">\n\t\t\t\t<\/div>\n\t\t\t\t<\/div>\n\t\t\t\t<\/div>","protected":false},"excerpt":{"rendered":"<p>H\u00f4tel Louvre Saint-Honor\u00e9 Destination pr\u00e9c\u00e9dente Destination suivante Le Mus\u00e9e du Louvre S\u00e9journer \u00e0 Paris, c\u2019est avoir le privil\u00e8ge d\u2019explorer l\u2019un des mus\u00e9es les plus c\u00e9l\u00e8bres au monde : le Louvre. Situ\u00e9 \u00e0 quelques minutes de votre h\u00f4tel, cet ancien palais royal est aujourd\u2019hui un v\u00e9ritable temple de l\u2019art et de l\u2019histoire, abritant plus de 35 [&hellip;]<\/p>\n","protected":false},"author":13,"featured_media":0,"parent":67,"menu_order":0,"comment_status":"closed","ping_status":"closed","template":"","meta":{"_acf_changed":false,"inline_featured_image":false,"footnotes":""},"class_list":["post-1485","page","type-page","status-publish","hentry"],"acf":[],"_links":{"self":[{"href":"https:\/\/www.hotellondressthonore-paris.com\/it\/wp-json\/wp\/v2\/pages\/1485","targetHints":{"allow":["GET"]}}],"collection":[{"href":"https:\/\/www.hotellondressthonore-paris.com\/it\/wp-json\/wp\/v2\/pages"}],"about":[{"href":"https:\/\/www.hotellondressthonore-paris.com\/it\/wp-json\/wp\/v2\/types\/page"}],"author":[{"embeddable":true,"href":"https:\/\/www.hotellondressthonore-paris.com\/it\/wp-json\/wp\/v2\/users\/13"}],"replies":[{"embeddable":true,"href":"https:\/\/www.hotellondressthonore-paris.com\/it\/wp-json\/wp\/v2\/comments?post=1485"}],"version-history":[{"count":44,"href":"https:\/\/www.hotellondressthonore-paris.com\/it\/wp-json\/wp\/v2\/pages\/1485\/revisions"}],"predecessor-version":[{"id":3883,"href":"https:\/\/www.hotellondressthonore-paris.com\/it\/wp-json\/wp\/v2\/pages\/1485\/revisions\/3883"}],"up":[{"embeddable":true,"href":"https:\/\/www.hotellondressthonore-paris.com\/it\/wp-json\/wp\/v2\/pages\/67"}],"wp:attachment":[{"href":"https:\/\/www.hotellondressthonore-paris.com\/it\/wp-json\/wp\/v2\/media?parent=1485"}],"curies":[{"name":"wp","href":"https:\/\/api.w.org\/{rel}","templated":true}]}}