{"id":1422,"date":"2023-07-04T10:21:49","date_gmt":"2023-07-04T08:21:49","guid":{"rendered":"https:\/\/www.hotellondressthonore-paris.com\/?page_id=1422"},"modified":"2025-04-07T16:44:59","modified_gmt":"2025-04-07T14:44:59","slug":"hotel-paris-1er","status":"publish","type":"page","link":"https:\/\/www.hotellondressthonore-paris.com\/it\/activites\/hotel-paris-1er\/","title":{"rendered":"Passeggiate nel 1\u00b0 arrondissement"},"content":{"rendered":"<div data-elementor-type=\"wp-page\" data-elementor-id=\"1422\" class=\"elementor elementor-1422\" data-elementor-post-type=\"page\">\n\t\t\t\t<div class=\"elementor-element elementor-element-71cb5106 e-con-full e-flex e-con e-parent\" data-id=\"71cb5106\" data-element_type=\"container\" data-e-type=\"container\" data-settings=\"{&quot;background_background&quot;:&quot;classic&quot;}\">\n\t\t\t\t<div class=\"elementor-element elementor-element-70260372 elementor-widget elementor-widget-heading\" data-id=\"70260372\" data-element_type=\"widget\" data-e-type=\"widget\" data-widget_type=\"heading.default\">\n\t\t\t\t<div class=\"elementor-widget-container\">\n\t\t\t\t\t<span class=\"elementor-heading-title elementor-size-default\">Passeggiate nel 1\u00b0 arrondissement<\/span>\t\t\t\t<\/div>\n\t\t\t\t<\/div>\n\t\t\t\t<div class=\"elementor-element elementor-element-3b3de32 elementor-widget elementor-widget-heading\" data-id=\"3b3de32\" data-element_type=\"widget\" data-e-type=\"widget\" data-widget_type=\"heading.default\">\n\t\t\t\t<div class=\"elementor-widget-container\">\n\t\t\t\t\t<h1 class=\"elementor-heading-title elementor-size-default\">Albergo Paris 1er<\/h1>\t\t\t\t<\/div>\n\t\t\t\t<\/div>\n\t\t\t\t<\/div>\n\t\t<div class=\"elementor-element elementor-element-ba0295c e-con-full e-flex e-con e-parent\" data-id=\"ba0295c\" data-element_type=\"container\" data-e-type=\"container\">\n\t\t\t\t<div class=\"elementor-element elementor-element-173e9acb elementor-mobile-align-center elementor-widget elementor-widget-button\" data-id=\"173e9acb\" data-element_type=\"widget\" data-e-type=\"widget\" data-widget_type=\"button.default\">\n\t\t\t\t<div class=\"elementor-widget-container\">\n\t\t\t\t\t\t\t\t\t<div class=\"elementor-button-wrapper\">\n\t\t\t\t\t<a class=\"elementor-button elementor-button-link elementor-size-sm\" href=\"https:\/\/www.hotellondressthonore-paris.com\/it\/activites\/hotel-metro-ligne-1-paris\/\">\n\t\t\t\t\t\t<span class=\"elementor-button-content-wrapper\">\n\t\t\t\t\t\t<span class=\"elementor-button-icon\">\n\t\t\t\t<i aria-hidden=\"true\" class=\"eliofont eliofont-arrow-left\"><\/i>\t\t\t<\/span>\n\t\t\t\t\t\t\t\t\t<span class=\"elementor-button-text\">Destinazione precedente<\/span>\n\t\t\t\t\t<\/span>\n\t\t\t\t\t<\/a>\n\t\t\t\t<\/div>\n\t\t\t\t\t\t\t\t<\/div>\n\t\t\t\t<\/div>\n\t\t\t\t<div class=\"elementor-element elementor-element-11ff8c4e elementor-mobile-align-center elementor-widget elementor-widget-button\" data-id=\"11ff8c4e\" data-element_type=\"widget\" data-e-type=\"widget\" data-widget_type=\"button.default\">\n\t\t\t\t<div class=\"elementor-widget-container\">\n\t\t\t\t\t\t\t\t\t<div class=\"elementor-button-wrapper\">\n\t\t\t\t\t<a class=\"elementor-button elementor-button-link elementor-size-sm\" href=\"https:\/\/www.hotellondressthonore-paris.com\/it\/activites\/hotel-musee-louvre\/\">\n\t\t\t\t\t\t<span class=\"elementor-button-content-wrapper\">\n\t\t\t\t\t\t<span class=\"elementor-button-icon\">\n\t\t\t\t<i aria-hidden=\"true\" class=\"eliofont eliofont-arrow-right\"><\/i>\t\t\t<\/span>\n\t\t\t\t\t\t\t\t\t<span class=\"elementor-button-text\">Prossima destinazione<\/span>\n\t\t\t\t\t<\/span>\n\t\t\t\t\t<\/a>\n\t\t\t\t<\/div>\n\t\t\t\t\t\t\t\t<\/div>\n\t\t\t\t<\/div>\n\t\t\t\t<\/div>\n\t\t<div class=\"elementor-element elementor-element-272c0e6 e-con-full fade-bloc e-flex e-con e-parent\" data-id=\"272c0e6\" data-element_type=\"container\" data-e-type=\"container\" data-settings=\"{&quot;background_background&quot;:&quot;classic&quot;}\">\n\t\t<div class=\"elementor-element elementor-element-487001a2 e-con-full fade-content e-flex e-con e-child\" data-id=\"487001a2\" data-element_type=\"container\" data-e-type=\"container\" data-settings=\"{&quot;background_background&quot;:&quot;classic&quot;}\">\n\t\t<div class=\"elementor-element elementor-element-4ff026d6 e-flex e-con-boxed e-con e-child\" data-id=\"4ff026d6\" data-element_type=\"container\" data-e-type=\"container\">\n\t\t\t\t\t<div class=\"e-con-inner\">\n\t\t\t\t<div class=\"elementor-element elementor-element-4f57c7a5 fade-title elementor-widget elementor-widget-heading\" data-id=\"4f57c7a5\" data-element_type=\"widget\" data-e-type=\"widget\" data-widget_type=\"heading.default\">\n\t\t\t\t<div class=\"elementor-widget-container\">\n\t\t\t\t\t<h2 class=\"elementor-heading-title elementor-size-default\">Il 1\u00b0 arrondissement<\/h2>\t\t\t\t<\/div>\n\t\t\t\t<\/div>\n\t\t\t\t<div class=\"elementor-element elementor-element-399600f7 fade-text elementor-widget elementor-widget-text-editor\" data-id=\"399600f7\" data-element_type=\"widget\" data-e-type=\"widget\" data-widget_type=\"text-editor.default\">\n\t\t\t\t<div class=\"elementor-widget-container\">\n\t\t\t\t\t\t\t\t\t<p>Il 1\u00b0 arrondissement di Parigi \u00e8 un vero e proprio museo a cielo aperto, ideale per una passeggiata tra storia, cultura ed eleganza. Appena usciti dall'hotel, partite alla scoperta dei Jardin des Tuileries, dove i viali fiancheggiati da statue e le vasche che riflettono il cielo parigino vi invitano a sognare ad occhi aperti. Questa oasi di pace collega armoniosamente il Louvre a Place de la Concorde, offrendo una maestosa passeggiata nel cuore della capitale.<\/p><p>Continuate la vostra esplorazione lungo la rue de Rivoli e i suoi eleganti portici, dove abbondano le boutique di lusso e i caff\u00e8 parigini. Una deviazione al Palais-Royal \u00e8 d'obbligo: il suo giardino formale e le famose colonne di Buren offrono un'incantevole cornice per la contemplazione. A pochi passi, lasciatevi sedurre dall'atmosfera accogliente dei passaggi coperti, come la Galerie Vivienne, un gioiello del XIX secolo con raffinati mosaici.<\/p>\t\t\t\t\t\t\t\t<\/div>\n\t\t\t\t<\/div>\n\t\t\t\t\t<\/div>\n\t\t\t\t<\/div>\n\t\t\t\t<\/div>\n\t\t<div class=\"elementor-element elementor-element-69f08153 e-con-full e-flex e-con e-child\" data-id=\"69f08153\" data-element_type=\"container\" data-e-type=\"container\" data-settings=\"{&quot;background_background&quot;:&quot;classic&quot;}\">\n\t\t\t\t<\/div>\n\t\t\t\t<\/div>\n\t\t<div class=\"elementor-element elementor-element-62a940e e-con-full fade-bloc e-flex e-con e-parent\" data-id=\"62a940e\" data-element_type=\"container\" data-e-type=\"container\">\n\t\t<div class=\"elementor-element elementor-element-259d5eee e-con-full fade-content e-flex e-con e-child\" data-id=\"259d5eee\" data-element_type=\"container\" data-e-type=\"container\" data-settings=\"{&quot;background_background&quot;:&quot;classic&quot;}\">\n\t\t<div class=\"elementor-element elementor-element-4e840173 e-flex e-con-boxed e-con e-child\" data-id=\"4e840173\" data-element_type=\"container\" data-e-type=\"container\">\n\t\t\t\t\t<div class=\"e-con-inner\">\n\t\t\t\t<div class=\"elementor-element elementor-element-7dfe483c fade-title elementor-widget elementor-widget-heading\" data-id=\"7dfe483c\" data-element_type=\"widget\" data-e-type=\"widget\" data-widget_type=\"heading.default\">\n\t\t\t\t<div class=\"elementor-widget-container\">\n\t\t\t\t\t<h2 class=\"elementor-heading-title elementor-size-default\"> una passeggiata elegante nel cuore di Parigi<\/h2>\t\t\t\t<\/div>\n\t\t\t\t<\/div>\n\t\t\t\t<div class=\"elementor-element elementor-element-15857b59 fade-text elementor-widget elementor-widget-text-editor\" data-id=\"15857b59\" data-element_type=\"widget\" data-e-type=\"widget\" data-widget_type=\"text-editor.default\">\n\t\t\t\t<div class=\"elementor-widget-container\">\n\t\t\t\t\t\t\t\t\t<p>Alla fine della giornata, recatevi sulle rive della Senna per ammirare la bellezza senza tempo dell'\u00cele de la Cit\u00e9. Ammirate la Conciergerie e la Sainte-Chapelle, reliquie del passato medievale di Parigi, prima di godervi un tramonto sul Pont Neuf, il ponte pi\u00f9 antico della capitale.<\/p><p>Dai monumenti simbolo ai vicoli segreti, il 1\u00b0 arrondissement promette una passeggiata indimenticabile nel cuore di Parigi.<\/p>\t\t\t\t\t\t\t\t<\/div>\n\t\t\t\t<\/div>\n\t\t\t\t\t<\/div>\n\t\t\t\t<\/div>\n\t\t\t\t<\/div>\n\t\t<div class=\"elementor-element elementor-element-213fee6e e-con-full e-flex e-con e-child\" data-id=\"213fee6e\" data-element_type=\"container\" data-e-type=\"container\" data-settings=\"{&quot;background_background&quot;:&quot;classic&quot;}\">\n\t\t\t\t<\/div>\n\t\t\t\t<\/div>\n\t\t\t\t<\/div>","protected":false},"excerpt":{"rendered":"<p>H\u00f4tel Paris 1er Destination pr\u00e9c\u00e9dente Destination suivante Le 1er arrondissement Le 1er arrondissement de Paris est un v\u00e9ritable mus\u00e9e \u00e0 ciel ouvert, id\u00e9al pour une balade entre histoire, culture et \u00e9l\u00e9gance. D\u00e8s la sortie de votre h\u00f4tel, partez \u00e0 la d\u00e9couverte du Jardin des Tuileries, o\u00f9 les all\u00e9es bord\u00e9es de statues et les bassins refl\u00e9tant [&hellip;]<\/p>\n","protected":false},"author":13,"featured_media":0,"parent":67,"menu_order":0,"comment_status":"closed","ping_status":"closed","template":"","meta":{"_acf_changed":false,"inline_featured_image":false,"footnotes":""},"class_list":["post-1422","page","type-page","status-publish","hentry"],"acf":[],"_links":{"self":[{"href":"https:\/\/www.hotellondressthonore-paris.com\/it\/wp-json\/wp\/v2\/pages\/1422","targetHints":{"allow":["GET"]}}],"collection":[{"href":"https:\/\/www.hotellondressthonore-paris.com\/it\/wp-json\/wp\/v2\/pages"}],"about":[{"href":"https:\/\/www.hotellondressthonore-paris.com\/it\/wp-json\/wp\/v2\/types\/page"}],"author":[{"embeddable":true,"href":"https:\/\/www.hotellondressthonore-paris.com\/it\/wp-json\/wp\/v2\/users\/13"}],"replies":[{"embeddable":true,"href":"https:\/\/www.hotellondressthonore-paris.com\/it\/wp-json\/wp\/v2\/comments?post=1422"}],"version-history":[{"count":74,"href":"https:\/\/www.hotellondressthonore-paris.com\/it\/wp-json\/wp\/v2\/pages\/1422\/revisions"}],"predecessor-version":[{"id":3926,"href":"https:\/\/www.hotellondressthonore-paris.com\/it\/wp-json\/wp\/v2\/pages\/1422\/revisions\/3926"}],"up":[{"embeddable":true,"href":"https:\/\/www.hotellondressthonore-paris.com\/it\/wp-json\/wp\/v2\/pages\/67"}],"wp:attachment":[{"href":"https:\/\/www.hotellondressthonore-paris.com\/it\/wp-json\/wp\/v2\/media?parent=1422"}],"curies":[{"name":"wp","href":"https:\/\/api.w.org\/{rel}","templated":true}]}}