{"id":1500,"date":"2023-07-04T12:22:23","date_gmt":"2023-07-04T10:22:23","guid":{"rendered":"https:\/\/www.hotellondressthonore-paris.com\/?page_id=1500"},"modified":"2025-03-25T08:41:20","modified_gmt":"2025-03-25T07:41:20","slug":"hotel-place-concorde","status":"publish","type":"page","link":"https:\/\/www.hotellondressthonore-paris.com\/es\/activites\/hotel-place-concorde\/","title":{"rendered":"Jard\u00edn de las Tuller\u00edas y Plaza de la Concordia"},"content":{"rendered":"<div data-elementor-type=\"wp-page\" data-elementor-id=\"1500\" class=\"elementor elementor-1500\" data-elementor-post-type=\"page\">\n\t\t\t\t<div class=\"elementor-element elementor-element-7e28f043 e-con-full e-flex e-con e-parent\" data-id=\"7e28f043\" data-element_type=\"container\" data-e-type=\"container\" data-settings=\"{&quot;background_background&quot;:&quot;classic&quot;}\">\n\t\t\t\t<div class=\"elementor-element elementor-element-22325961 elementor-widget elementor-widget-heading\" data-id=\"22325961\" data-element_type=\"widget\" data-e-type=\"widget\" data-widget_type=\"heading.default\">\n\t\t\t\t<div class=\"elementor-widget-container\">\n\t\t\t\t\t<span class=\"elementor-heading-title elementor-size-default\">Jard\u00edn de las Tuller\u00edas y Plaza de la Concordia<\/span>\t\t\t\t<\/div>\n\t\t\t\t<\/div>\n\t\t\t\t<div class=\"elementor-element elementor-element-d63f350 elementor-widget elementor-widget-heading\" data-id=\"d63f350\" data-element_type=\"widget\" data-e-type=\"widget\" data-widget_type=\"heading.default\">\n\t\t\t\t<div class=\"elementor-widget-container\">\n\t\t\t\t\t<h1 class=\"elementor-heading-title elementor-size-default\">Hotel Place de la Concorde Par\u00eds<\/h1>\t\t\t\t<\/div>\n\t\t\t\t<\/div>\n\t\t\t\t<\/div>\n\t\t<div class=\"elementor-element elementor-element-148fbbce e-con-full e-flex e-con e-parent\" data-id=\"148fbbce\" data-element_type=\"container\" data-e-type=\"container\">\n\t\t\t\t<div class=\"elementor-element elementor-element-64bfdd2 elementor-mobile-align-center elementor-widget elementor-widget-button\" data-id=\"64bfdd2\" data-element_type=\"widget\" data-e-type=\"widget\" data-widget_type=\"button.default\">\n\t\t\t\t<div class=\"elementor-widget-container\">\n\t\t\t\t\t\t\t\t\t<div class=\"elementor-button-wrapper\">\n\t\t\t\t\t<a class=\"elementor-button elementor-button-link elementor-size-sm\" href=\"https:\/\/www.hotellondressthonore-paris.com\/es\/activites\/hotel-place-vendome\/\">\n\t\t\t\t\t\t<span class=\"elementor-button-content-wrapper\">\n\t\t\t\t\t\t<span class=\"elementor-button-icon\">\n\t\t\t\t<i aria-hidden=\"true\" class=\"eliofont eliofont-arrow-left\"><\/i>\t\t\t<\/span>\n\t\t\t\t\t\t\t\t\t<span class=\"elementor-button-text\">Destino anterior<\/span>\n\t\t\t\t\t<\/span>\n\t\t\t\t\t<\/a>\n\t\t\t\t<\/div>\n\t\t\t\t\t\t\t\t<\/div>\n\t\t\t\t<\/div>\n\t\t\t\t<div class=\"elementor-element elementor-element-b498f75 elementor-mobile-align-center elementor-widget elementor-widget-button\" data-id=\"b498f75\" data-element_type=\"widget\" data-e-type=\"widget\" data-widget_type=\"button.default\">\n\t\t\t\t<div class=\"elementor-widget-container\">\n\t\t\t\t\t\t\t\t\t<div class=\"elementor-button-wrapper\">\n\t\t\t\t\t<a class=\"elementor-button elementor-button-link elementor-size-sm\" href=\"https:\/\/www.hotellondressthonore-paris.com\/es\/activites\/st-honore-paris\/\">\n\t\t\t\t\t\t<span class=\"elementor-button-content-wrapper\">\n\t\t\t\t\t\t<span class=\"elementor-button-icon\">\n\t\t\t\t<i aria-hidden=\"true\" class=\"eliofont eliofont-arrow-right\"><\/i>\t\t\t<\/span>\n\t\t\t\t\t\t\t\t\t<span class=\"elementor-button-text\">Pr\u00f3ximo destino<\/span>\n\t\t\t\t\t<\/span>\n\t\t\t\t\t<\/a>\n\t\t\t\t<\/div>\n\t\t\t\t\t\t\t\t<\/div>\n\t\t\t\t<\/div>\n\t\t\t\t<\/div>\n\t\t<div class=\"elementor-element elementor-element-c5e1986 e-con-full fade-bloc e-flex e-con e-parent\" data-id=\"c5e1986\" data-element_type=\"container\" data-e-type=\"container\" data-settings=\"{&quot;background_background&quot;:&quot;classic&quot;}\">\n\t\t<div class=\"elementor-element elementor-element-22e26e7 e-con-full fade-content e-flex e-con e-child\" data-id=\"22e26e7\" data-element_type=\"container\" data-e-type=\"container\" data-settings=\"{&quot;background_background&quot;:&quot;classic&quot;}\">\n\t\t<div class=\"elementor-element elementor-element-12d2bde e-flex e-con-boxed e-con e-child\" data-id=\"12d2bde\" data-element_type=\"container\" data-e-type=\"container\">\n\t\t\t\t\t<div class=\"e-con-inner\">\n\t\t\t\t<div class=\"elementor-element elementor-element-88821d7 fade-title elementor-widget elementor-widget-heading\" data-id=\"88821d7\" data-element_type=\"widget\" data-e-type=\"widget\" data-widget_type=\"heading.default\">\n\t\t\t\t<div class=\"elementor-widget-container\">\n\t\t\t\t\t<h2 class=\"elementor-heading-title elementor-size-default\">Jardines de las Tuller\u00edas y Plaza de la Concordia <\/h2>\t\t\t\t<\/div>\n\t\t\t\t<\/div>\n\t\t\t\t<div class=\"elementor-element elementor-element-cf71ab2 fade-text elementor-widget elementor-widget-text-editor\" data-id=\"cf71ab2\" data-element_type=\"widget\" data-e-type=\"widget\" data-widget_type=\"text-editor.default\">\n\t\t\t\t<div class=\"elementor-widget-container\">\n\t\t\t\t\t\t\t\t\t<p>A dos pasos de su hotel, el Jard\u00edn de las Tuller\u00edas y la Plaza de la Concordia le ofrecen un paseo inolvidable por la historia, el arte y la naturaleza. Un remanso de paz en el coraz\u00f3n de la capital, el Jard\u00edn de las Tuller\u00edas es el jard\u00edn franc\u00e9s m\u00e1s antiguo de Par\u00eds, dise\u00f1ado por Andr\u00e9 Le N\u00f4tre para Catalina de M\u00e9dicis en el siglo XVII.<\/p><p>Al pasear por las avenidas bordeadas de estatuas y estanques, descubrir\u00e1 un entorno verde donde las obras de arte se mezclan con los parterres. Si\u00e9ntese en una silla junto a un estanque y admire las vistas del Louvre a un lado y de la plaza de la Concordia al otro. El jard\u00edn tambi\u00e9n alberga dos museos de visita obligada: el Mus\u00e9e de l'Orangerie, famoso por los Nen\u00fafares de Monet, y el Jeu de Paume, dedicado a la fotograf\u00eda contempor\u00e1nea.<\/p>\t\t\t\t\t\t\t\t<\/div>\n\t\t\t\t<\/div>\n\t\t\t\t\t<\/div>\n\t\t\t\t<\/div>\n\t\t\t\t<\/div>\n\t\t<div class=\"elementor-element elementor-element-9b71bf0 e-con-full e-flex e-con e-child\" data-id=\"9b71bf0\" data-element_type=\"container\" data-e-type=\"container\" data-settings=\"{&quot;background_background&quot;:&quot;classic&quot;}\">\n\t\t\t\t<\/div>\n\t\t\t\t<\/div>\n\t\t<div class=\"elementor-element elementor-element-076255b e-con-full fade-bloc e-flex e-con e-parent\" data-id=\"076255b\" data-element_type=\"container\" data-e-type=\"container\">\n\t\t<div class=\"elementor-element elementor-element-01f3108 e-con-full fade-content e-flex e-con e-child\" data-id=\"01f3108\" data-element_type=\"container\" data-e-type=\"container\" data-settings=\"{&quot;background_background&quot;:&quot;classic&quot;}\">\n\t\t<div class=\"elementor-element elementor-element-465b5a8 e-flex e-con-boxed e-con e-child\" data-id=\"465b5a8\" data-element_type=\"container\" data-e-type=\"container\">\n\t\t\t\t\t<div class=\"e-con-inner\">\n\t\t\t\t<div class=\"elementor-element elementor-element-0177c28 fade-title elementor-widget elementor-widget-heading\" data-id=\"0177c28\" data-element_type=\"widget\" data-e-type=\"widget\" data-widget_type=\"heading.default\">\n\t\t\t\t<div class=\"elementor-widget-container\">\n\t\t\t\t\t<h2 class=\"elementor-heading-title elementor-size-default\">Un majestuoso paseo por el coraz\u00f3n de Par\u00eds<\/h2>\t\t\t\t<\/div>\n\t\t\t\t<\/div>\n\t\t\t\t<div class=\"elementor-element elementor-element-909c2f5 fade-text elementor-widget elementor-widget-text-editor\" data-id=\"909c2f5\" data-element_type=\"widget\" data-e-type=\"widget\" data-widget_type=\"text-editor.default\">\n\t\t\t\t<div class=\"elementor-widget-container\">\n\t\t\t\t\t\t\t\t\t<p>Continuando su paseo, llegar\u00e1 a la Plaza de la Concordia, la m\u00e1s grande y una de las m\u00e1s majestuosas de Par\u00eds. Testigo de la historia de Francia, sus adoquines fueron testigos de las grandes horas de la Revoluci\u00f3n, incluida la ejecuci\u00f3n de Luis XVI y Mar\u00eda Antonieta. Hoy est\u00e1 dominada por el obelisco de Luxor, impresionante monumento de m\u00e1s de 3.000 a\u00f1os que Egipto regal\u00f3 a Francia.<\/p><p>Rodeada de fuentes monumentales y con una impresionante vista de los Campos El\u00edseos, el Sena y la Asamblea Nacional, la Plaza de la Concordia es una visita obligada para admirar Par\u00eds en todo su esplendor. Mezcla de naturaleza, arte y patrimonio, este paseo invita a descubrir y maravillarse.<\/p>\t\t\t\t\t\t\t\t<\/div>\n\t\t\t\t<\/div>\n\t\t\t\t\t<\/div>\n\t\t\t\t<\/div>\n\t\t\t\t<\/div>\n\t\t<div class=\"elementor-element elementor-element-09187d4 e-con-full e-flex e-con e-child\" data-id=\"09187d4\" data-element_type=\"container\" data-e-type=\"container\" data-settings=\"{&quot;background_background&quot;:&quot;classic&quot;}\">\n\t\t\t\t<\/div>\n\t\t\t\t<\/div>\n\t\t\t\t<\/div>","protected":false},"excerpt":{"rendered":"<p>H\u00f4tel Place de la Concorde Paris Destination pr\u00e9c\u00e9dente Destination suivante Le Jardin des Tuileries et la Place de la Concorde \u00c0 quelques pas de votre h\u00f4tel, le Jardin des Tuileries et la Place de la Concorde offrent une promenade inoubliable entre histoire, art et nature. V\u00e9ritable havre de paix au c\u0153ur de la capitale, le [&hellip;]<\/p>\n","protected":false},"author":13,"featured_media":0,"parent":67,"menu_order":0,"comment_status":"closed","ping_status":"closed","template":"","meta":{"_acf_changed":false,"inline_featured_image":false,"footnotes":""},"class_list":["post-1500","page","type-page","status-publish","hentry"],"acf":[],"_links":{"self":[{"href":"https:\/\/www.hotellondressthonore-paris.com\/es\/wp-json\/wp\/v2\/pages\/1500","targetHints":{"allow":["GET"]}}],"collection":[{"href":"https:\/\/www.hotellondressthonore-paris.com\/es\/wp-json\/wp\/v2\/pages"}],"about":[{"href":"https:\/\/www.hotellondressthonore-paris.com\/es\/wp-json\/wp\/v2\/types\/page"}],"author":[{"embeddable":true,"href":"https:\/\/www.hotellondressthonore-paris.com\/es\/wp-json\/wp\/v2\/users\/13"}],"replies":[{"embeddable":true,"href":"https:\/\/www.hotellondressthonore-paris.com\/es\/wp-json\/wp\/v2\/comments?post=1500"}],"version-history":[{"count":45,"href":"https:\/\/www.hotellondressthonore-paris.com\/es\/wp-json\/wp\/v2\/pages\/1500\/revisions"}],"predecessor-version":[{"id":3892,"href":"https:\/\/www.hotellondressthonore-paris.com\/es\/wp-json\/wp\/v2\/pages\/1500\/revisions\/3892"}],"up":[{"embeddable":true,"href":"https:\/\/www.hotellondressthonore-paris.com\/es\/wp-json\/wp\/v2\/pages\/67"}],"wp:attachment":[{"href":"https:\/\/www.hotellondressthonore-paris.com\/es\/wp-json\/wp\/v2\/media?parent=1500"}],"curies":[{"name":"wp","href":"https:\/\/api.w.org\/{rel}","templated":true}]}}