{"id":61,"date":"2023-06-19T11:00:19","date_gmt":"2023-06-19T09:00:19","guid":{"rendered":"https:\/\/www.hotellondressthonore-paris.com\/?page_id=61"},"modified":"2025-07-04T12:20:09","modified_gmt":"2025-07-04T10:20:09","slug":"news","status":"publish","type":"page","link":"https:\/\/www.hotellondressthonore-paris.com\/en\/actualites\/","title":{"rendered":"News"},"content":{"rendered":"<div data-elementor-type=\"wp-page\" data-elementor-id=\"61\" class=\"elementor elementor-61\" data-elementor-post-type=\"page\">\n\t\t\t\t<div class=\"elementor-element elementor-element-643a346 e-con-full e-flex e-con e-parent\" data-id=\"643a346\" data-element_type=\"container\" data-e-type=\"container\" data-settings=\"{&quot;background_background&quot;:&quot;classic&quot;}\">\n\t\t\t\t<div class=\"elementor-element elementor-element-20bbd5d elementor-widget elementor-widget-heading\" data-id=\"20bbd5d\" data-element_type=\"widget\" data-e-type=\"widget\" data-widget_type=\"heading.default\">\n\t\t\t\t<div class=\"elementor-widget-container\">\n\t\t\t\t\t<h1 class=\"elementor-heading-title elementor-size-default\">News<\/h1>\t\t\t\t<\/div>\n\t\t\t\t<\/div>\n\t\t\t\t<\/div>\n\t\t<div class=\"elementor-element elementor-element-6f87b8c e-flex e-con-boxed e-con e-parent\" data-id=\"6f87b8c\" data-element_type=\"container\" data-e-type=\"container\">\n\t\t\t\t\t<div class=\"e-con-inner\">\n\t\t\t\t<div class=\"elementor-element elementor-element-f8521d3 elementor-grid-2 elementor-posts--align-center elementor-grid-tablet-2 elementor-grid-mobile-1 elementor-posts--thumbnail-top elementor-widget elementor-widget-posts\" data-id=\"f8521d3\" data-element_type=\"widget\" data-e-type=\"widget\" data-settings=\"{&quot;classic_columns&quot;:&quot;2&quot;,&quot;pagination_type&quot;:&quot;numbers&quot;,&quot;classic_columns_tablet&quot;:&quot;2&quot;,&quot;classic_columns_mobile&quot;:&quot;1&quot;,&quot;classic_row_gap&quot;:{&quot;unit&quot;:&quot;px&quot;,&quot;size&quot;:35,&quot;sizes&quot;:[]},&quot;classic_row_gap_tablet&quot;:{&quot;unit&quot;:&quot;px&quot;,&quot;size&quot;:&quot;&quot;,&quot;sizes&quot;:[]},&quot;classic_row_gap_mobile&quot;:{&quot;unit&quot;:&quot;px&quot;,&quot;size&quot;:&quot;&quot;,&quot;sizes&quot;:[]}}\" data-widget_type=\"posts.classic\">\n\t\t\t\t<div class=\"elementor-widget-container\">\n\t\t\t\t\t\t\t<div class=\"elementor-posts-container elementor-posts elementor-posts--skin-classic elementor-grid\" role=\"list\">\n\t\t\t\t<article class=\"elementor-post elementor-grid-item post-4222 post type-post status-publish format-standard has-post-thumbnail hentry category-non-classe\" role=\"listitem\">\n\t\t\t\t<a class=\"elementor-post__thumbnail__link\" href=\"https:\/\/www.hotellondressthonore-paris.com\/en\/hotel-jardin-des-tuileries\/\" tabindex=\"-1\" >\n\t\t\t<div class=\"elementor-post__thumbnail\"><img fetchpriority=\"high\" decoding=\"async\" width=\"1920\" height=\"1280\" src=\"https:\/\/www.hotellondressthonore-paris.com\/wp-content\/uploads\/2025\/07\/jardins-des-tuileries-paris-.jpg\" class=\"attachment-full size-full wp-image-4051\" alt=\"Tuileries Gardens and Louvre Museum\" title=\"\" srcset=\"https:\/\/www.hotellondressthonore-paris.com\/wp-content\/uploads\/2025\/07\/jardins-des-tuileries-paris-.jpg 1920w, https:\/\/www.hotellondressthonore-paris.com\/wp-content\/uploads\/2025\/07\/jardins-des-tuileries-paris--300x200.jpg 300w, https:\/\/www.hotellondressthonore-paris.com\/wp-content\/uploads\/2025\/07\/jardins-des-tuileries-paris--1024x683.jpg 1024w, https:\/\/www.hotellondressthonore-paris.com\/wp-content\/uploads\/2025\/07\/jardins-des-tuileries-paris--768x512.jpg 768w, https:\/\/www.hotellondressthonore-paris.com\/wp-content\/uploads\/2025\/07\/jardins-des-tuileries-paris--1536x1024.jpg 1536w, https:\/\/www.hotellondressthonore-paris.com\/wp-content\/uploads\/2025\/07\/jardins-des-tuileries-paris--18x12.jpg 18w\" sizes=\"(max-width: 1920px) 100vw, 1920px\" \/><\/div>\n\t\t<\/a>\n\t\t\t\t<div class=\"elementor-post__text\">\n\t\t\t\t<h3 class=\"elementor-post__title\">\n\t\t\t<a href=\"https:\/\/www.hotellondressthonore-paris.com\/en\/hotel-jardin-des-tuileries\/\" >\n\t\t\t\tHotel Jardin des Tuileries: stay in the heart of Paris at the H\u00f4tel Londres Saint-Honor\u00e9\t\t\t<\/a>\n\t\t<\/h3>\n\t\t\t\t<div class=\"elementor-post__meta-data\">\n\t\t\t\t\t<span class=\"elementor-post-date\">\n\t\t\t23 April 2026\t\t<\/span>\n\t\t\t\t<\/div>\n\t\t\t\t<div class=\"elementor-post__excerpt\">\n\t\t\t<p>Why choose a hotel just a stone's throw from the Tuileries Gardens to experience Paris on foot? Staying near the Tuileries is a great way to discover Paris<\/p>\n\t\t<\/div>\n\t\t\n\t\t<a class=\"elementor-post__read-more\" href=\"https:\/\/www.hotellondressthonore-paris.com\/en\/hotel-jardin-des-tuileries\/\" aria-label=\"Read more about H\u00f4tel jardin des Tuileries : s\u00e9journer au c\u0153ur de Paris \u00e0 l\u2019H\u00f4tel Londres Saint-Honor\u00e9\" tabindex=\"-1\" >\n\t\t\tRead more \"\t\t<\/a>\n\n\t\t\t\t<\/div>\n\t\t\t\t<\/article>\n\t\t\t\t<article class=\"elementor-post elementor-grid-item post-4218 post type-post status-publish format-standard has-post-thumbnail hentry category-non-classe\" role=\"listitem\">\n\t\t\t\t<a class=\"elementor-post__thumbnail__link\" href=\"https:\/\/www.hotellondressthonore-paris.com\/en\/hotel-centre-paris\/\" tabindex=\"-1\" >\n\t\t\t<div class=\"elementor-post__thumbnail\"><img decoding=\"async\" width=\"1920\" height=\"1280\" src=\"https:\/\/www.hotellondressthonore-paris.com\/wp-content\/uploads\/2025\/07\/chaises-jardin-des-tuileries.jpg\" class=\"attachment-full size-full wp-image-4050\" alt=\"fountain in the Tuileries Gardens in Paris\" title=\"\" srcset=\"https:\/\/www.hotellondressthonore-paris.com\/wp-content\/uploads\/2025\/07\/chaises-jardin-des-tuileries.jpg 1920w, https:\/\/www.hotellondressthonore-paris.com\/wp-content\/uploads\/2025\/07\/chaises-jardin-des-tuileries-300x200.jpg 300w, https:\/\/www.hotellondressthonore-paris.com\/wp-content\/uploads\/2025\/07\/chaises-jardin-des-tuileries-1024x683.jpg 1024w, https:\/\/www.hotellondressthonore-paris.com\/wp-content\/uploads\/2025\/07\/chaises-jardin-des-tuileries-768x512.jpg 768w, https:\/\/www.hotellondressthonore-paris.com\/wp-content\/uploads\/2025\/07\/chaises-jardin-des-tuileries-1536x1024.jpg 1536w, https:\/\/www.hotellondressthonore-paris.com\/wp-content\/uploads\/2025\/07\/chaises-jardin-des-tuileries-18x12.jpg 18w\" sizes=\"(max-width: 1920px) 100vw, 1920px\" \/><\/div>\n\t\t<\/a>\n\t\t\t\t<div class=\"elementor-post__text\">\n\t\t\t\t<h3 class=\"elementor-post__title\">\n\t\t\t<a href=\"https:\/\/www.hotellondressthonore-paris.com\/en\/hotel-centre-paris\/\" >\n\t\t\t\tHotel in the centre of Paris: stay in the heart of the 1st arrondissement at the H\u00f4tel Londres Saint-Honor\u00e9\t\t\t<\/a>\n\t\t<\/h3>\n\t\t\t\t<div class=\"elementor-post__meta-data\">\n\t\t\t\t\t<span class=\"elementor-post-date\">\n\t\t\t26 March 2026\t\t<\/span>\n\t\t\t\t<\/div>\n\t\t\t\t<div class=\"elementor-post__excerpt\">\n\t\t\t<p>Why choose a hotel in the centre of Paris to experience the capital in a different way? Staying in the centre of Paris changes the way you<\/p>\n\t\t<\/div>\n\t\t\n\t\t<a class=\"elementor-post__read-more\" href=\"https:\/\/www.hotellondressthonore-paris.com\/en\/hotel-centre-paris\/\" aria-label=\"Read more about H\u00f4tel centre de Paris : s\u00e9journer au c\u0153ur du 1er arrondissement \u00e0 l\u2019H\u00f4tel Londres Saint-Honor\u00e9\" tabindex=\"-1\" >\n\t\t\tRead more \"\t\t<\/a>\n\n\t\t\t\t<\/div>\n\t\t\t\t<\/article>\n\t\t\t\t<article class=\"elementor-post elementor-grid-item post-4206 post type-post status-publish format-standard has-post-thumbnail hentry category-non-classe\" role=\"listitem\">\n\t\t\t\t<a class=\"elementor-post__thumbnail__link\" href=\"https:\/\/www.hotellondressthonore-paris.com\/en\/hotel-proche-place-vendome\/\" tabindex=\"-1\" >\n\t\t\t<div class=\"elementor-post__thumbnail\"><img decoding=\"async\" width=\"2121\" height=\"1414\" src=\"https:\/\/www.hotellondressthonore-paris.com\/wp-content\/uploads\/2025\/02\/GettyImages-146816398.jpg\" class=\"attachment-full size-full wp-image-3555\" alt=\"Place Vend\u00f4me in Paris\" title=\"\" srcset=\"https:\/\/www.hotellondressthonore-paris.com\/wp-content\/uploads\/2025\/02\/GettyImages-146816398.jpg 2121w, https:\/\/www.hotellondressthonore-paris.com\/wp-content\/uploads\/2025\/02\/GettyImages-146816398-300x200.jpg 300w, https:\/\/www.hotellondressthonore-paris.com\/wp-content\/uploads\/2025\/02\/GettyImages-146816398-1024x683.jpg 1024w, https:\/\/www.hotellondressthonore-paris.com\/wp-content\/uploads\/2025\/02\/GettyImages-146816398-768x512.jpg 768w, https:\/\/www.hotellondressthonore-paris.com\/wp-content\/uploads\/2025\/02\/GettyImages-146816398-1536x1024.jpg 1536w, https:\/\/www.hotellondressthonore-paris.com\/wp-content\/uploads\/2025\/02\/GettyImages-146816398-2048x1365.jpg 2048w, https:\/\/www.hotellondressthonore-paris.com\/wp-content\/uploads\/2025\/02\/GettyImages-146816398-18x12.jpg 18w\" sizes=\"(max-width: 2121px) 100vw, 2121px\" \/><\/div>\n\t\t<\/a>\n\t\t\t\t<div class=\"elementor-post__text\">\n\t\t\t\t<h3 class=\"elementor-post__title\">\n\t\t\t<a href=\"https:\/\/www.hotellondressthonore-paris.com\/en\/hotel-proche-place-vendome\/\" >\n\t\t\t\tHotel near Place Vend\u00f4me: stay in the heart of Parisian elegance at the H\u00f4tel Londres Saint-Honor\u00e9\t\t\t<\/a>\n\t\t<\/h3>\n\t\t\t\t<div class=\"elementor-post__meta-data\">\n\t\t\t\t\t<span class=\"elementor-post-date\">\n\t\t\t24 February 2026\t\t<\/span>\n\t\t\t\t<\/div>\n\t\t\t\t<div class=\"elementor-post__excerpt\">\n\t\t\t<p>Why choose a hotel near Place Vend\u00f4me for your stay in Paris? Staying in a hotel near the Place Vend\u00f4me means<\/p>\n\t\t<\/div>\n\t\t\n\t\t<a class=\"elementor-post__read-more\" href=\"https:\/\/www.hotellondressthonore-paris.com\/en\/hotel-proche-place-vendome\/\" aria-label=\"Read more about Hotel near Place Vend\u00f4me: stay in the heart of Parisian elegance at H\u00f4tel Londres Saint-Honor\u00e9\" tabindex=\"-1\" >\n\t\t\tRead more \"\t\t<\/a>\n\n\t\t\t\t<\/div>\n\t\t\t\t<\/article>\n\t\t\t\t<article class=\"elementor-post elementor-grid-item post-4202 post type-post status-publish format-standard has-post-thumbnail hentry category-non-classe\" role=\"listitem\">\n\t\t\t\t<a class=\"elementor-post__thumbnail__link\" href=\"https:\/\/www.hotellondressthonore-paris.com\/en\/week-end-a-paris-en-amoureux\/\" tabindex=\"-1\" >\n\t\t\t<div class=\"elementor-post__thumbnail\"><img loading=\"lazy\" decoding=\"async\" width=\"1920\" height=\"1280\" src=\"https:\/\/www.hotellondressthonore-paris.com\/wp-content\/uploads\/2026\/01\/weekend-a-paris-en-amoureux.jpg\" class=\"attachment-full size-full wp-image-4203\" alt=\"romantic weekend in Paris\" title=\"\" srcset=\"https:\/\/www.hotellondressthonore-paris.com\/wp-content\/uploads\/2026\/01\/weekend-a-paris-en-amoureux.jpg 1920w, https:\/\/www.hotellondressthonore-paris.com\/wp-content\/uploads\/2026\/01\/weekend-a-paris-en-amoureux-300x200.jpg 300w, https:\/\/www.hotellondressthonore-paris.com\/wp-content\/uploads\/2026\/01\/weekend-a-paris-en-amoureux-1024x683.jpg 1024w, https:\/\/www.hotellondressthonore-paris.com\/wp-content\/uploads\/2026\/01\/weekend-a-paris-en-amoureux-768x512.jpg 768w, https:\/\/www.hotellondressthonore-paris.com\/wp-content\/uploads\/2026\/01\/weekend-a-paris-en-amoureux-1536x1024.jpg 1536w, https:\/\/www.hotellondressthonore-paris.com\/wp-content\/uploads\/2026\/01\/weekend-a-paris-en-amoureux-18x12.jpg 18w\" sizes=\"(max-width: 1920px) 100vw, 1920px\" \/><\/div>\n\t\t<\/a>\n\t\t\t\t<div class=\"elementor-post__text\">\n\t\t\t\t<h3 class=\"elementor-post__title\">\n\t\t\t<a href=\"https:\/\/www.hotellondressthonore-paris.com\/en\/week-end-a-paris-en-amoureux\/\" >\n\t\t\t\tA romantic weekend in Paris: the elegance of a romantic getaway in the heart of the capital\t\t\t<\/a>\n\t\t<\/h3>\n\t\t\t\t<div class=\"elementor-post__meta-data\">\n\t\t\t\t\t<span class=\"elementor-post-date\">\n\t\t\t27 January 2026\t\t<\/span>\n\t\t\t\t<\/div>\n\t\t\t\t<div class=\"elementor-post__excerpt\">\n\t\t\t<p>Why is Paris still the ideal destination for a romantic weekend away? When it comes to a weekend away, Paris is the obvious choice.<\/p>\n\t\t<\/div>\n\t\t\n\t\t<a class=\"elementor-post__read-more\" href=\"https:\/\/www.hotellondressthonore-paris.com\/en\/week-end-a-paris-en-amoureux\/\" aria-label=\"Read more about A romantic weekend in Paris: the elegance of a romantic getaway in the heart of the capital\" tabindex=\"-1\" >\n\t\t\tRead more \"\t\t<\/a>\n\n\t\t\t\t<\/div>\n\t\t\t\t<\/article>\n\t\t\t\t<article class=\"elementor-post elementor-grid-item post-4196 post type-post status-publish format-standard has-post-thumbnail hentry category-non-classe\" role=\"listitem\">\n\t\t\t\t<a class=\"elementor-post__thumbnail__link\" href=\"https:\/\/www.hotellondressthonore-paris.com\/en\/hotel-paris-proche-metro\/\" tabindex=\"-1\" >\n\t\t\t<div class=\"elementor-post__thumbnail\"><img loading=\"lazy\" decoding=\"async\" width=\"1920\" height=\"1280\" src=\"https:\/\/www.hotellondressthonore-paris.com\/wp-content\/uploads\/2025\/12\/metro-paris.jpg\" class=\"attachment-full size-full wp-image-4197\" alt=\"metro crossing the Seine in Paris\" title=\"\" srcset=\"https:\/\/www.hotellondressthonore-paris.com\/wp-content\/uploads\/2025\/12\/metro-paris.jpg 1920w, https:\/\/www.hotellondressthonore-paris.com\/wp-content\/uploads\/2025\/12\/metro-paris-300x200.jpg 300w, https:\/\/www.hotellondressthonore-paris.com\/wp-content\/uploads\/2025\/12\/metro-paris-1024x683.jpg 1024w, https:\/\/www.hotellondressthonore-paris.com\/wp-content\/uploads\/2025\/12\/metro-paris-768x512.jpg 768w, https:\/\/www.hotellondressthonore-paris.com\/wp-content\/uploads\/2025\/12\/metro-paris-1536x1024.jpg 1536w, https:\/\/www.hotellondressthonore-paris.com\/wp-content\/uploads\/2025\/12\/metro-paris-18x12.jpg 18w\" sizes=\"(max-width: 1920px) 100vw, 1920px\" \/><\/div>\n\t\t<\/a>\n\t\t\t\t<div class=\"elementor-post__text\">\n\t\t\t\t<h3 class=\"elementor-post__title\">\n\t\t\t<a href=\"https:\/\/www.hotellondressthonore-paris.com\/en\/hotel-paris-proche-metro\/\" >\n\t\t\t\tH\u00f4tel Paris proche m\u00e9tro - H\u00f4tel Londres Saint-Honor\u00e9: comfort &amp; access in the heart of the 1\u1d49\u02b3 arrondissement\t\t\t<\/a>\n\t\t<\/h3>\n\t\t\t\t<div class=\"elementor-post__meta-data\">\n\t\t\t\t\t<span class=\"elementor-post-date\">\n\t\t\t22 December 2025\t\t<\/span>\n\t\t\t\t<\/div>\n\t\t\t\t<div class=\"elementor-post__excerpt\">\n\t\t\t<p>What is the nearest metro station to H\u00f4tel Londres Saint-Honor\u00e9? Ideally located in the heart of the 1\u1d49\u02b3 arrondissement, H\u00f4tel Londres Saint-Honor\u00e9 stands out as a<\/p>\n\t\t<\/div>\n\t\t\n\t\t<a class=\"elementor-post__read-more\" href=\"https:\/\/www.hotellondressthonore-paris.com\/en\/hotel-paris-proche-metro\/\" aria-label=\"Read more about H\u00f4tel Paris proche m\u00e9tro - H\u00f4tel Londres Saint-Honor\u00e9: comfort &amp; access in the heart of the 1\u1d49\u02b3 arrondissement\" tabindex=\"-1\" >\n\t\t\tRead more \"\t\t<\/a>\n\n\t\t\t\t<\/div>\n\t\t\t\t<\/article>\n\t\t\t\t<article class=\"elementor-post elementor-grid-item post-4190 post type-post status-publish format-standard has-post-thumbnail hentry category-non-classe\" role=\"listitem\">\n\t\t\t\t<a class=\"elementor-post__thumbnail__link\" href=\"https:\/\/www.hotellondressthonore-paris.com\/en\/hotel-saint-honore\/\" tabindex=\"-1\" >\n\t\t\t<div class=\"elementor-post__thumbnail\"><img loading=\"lazy\" decoding=\"async\" width=\"1920\" height=\"1280\" src=\"https:\/\/www.hotellondressthonore-paris.com\/wp-content\/uploads\/2025\/11\/rue-saint-honore-paris.jpg\" class=\"attachment-full size-full wp-image-4191\" alt=\"rue Saint-Honor\u00e9, Paris 1st arrondissement\" title=\"\" srcset=\"https:\/\/www.hotellondressthonore-paris.com\/wp-content\/uploads\/2025\/11\/rue-saint-honore-paris.jpg 1920w, https:\/\/www.hotellondressthonore-paris.com\/wp-content\/uploads\/2025\/11\/rue-saint-honore-paris-300x200.jpg 300w, https:\/\/www.hotellondressthonore-paris.com\/wp-content\/uploads\/2025\/11\/rue-saint-honore-paris-1024x683.jpg 1024w, https:\/\/www.hotellondressthonore-paris.com\/wp-content\/uploads\/2025\/11\/rue-saint-honore-paris-768x512.jpg 768w, https:\/\/www.hotellondressthonore-paris.com\/wp-content\/uploads\/2025\/11\/rue-saint-honore-paris-1536x1024.jpg 1536w, https:\/\/www.hotellondressthonore-paris.com\/wp-content\/uploads\/2025\/11\/rue-saint-honore-paris-18x12.jpg 18w\" sizes=\"(max-width: 1920px) 100vw, 1920px\" \/><\/div>\n\t\t<\/a>\n\t\t\t\t<div class=\"elementor-post__text\">\n\t\t\t\t<h3 class=\"elementor-post__title\">\n\t\t\t<a href=\"https:\/\/www.hotellondressthonore-paris.com\/en\/hotel-saint-honore\/\" >\n\t\t\t\tH\u00f4tel Saint-Honor\u00e9: stay in the heart of Paris at the H\u00f4tel Londres Saint-Honor\u00e9\t\t\t<\/a>\n\t\t<\/h3>\n\t\t\t\t<div class=\"elementor-post__meta-data\">\n\t\t\t\t\t<span class=\"elementor-post-date\">\n\t\t\t13 November 2025\t\t<\/span>\n\t\t\t\t<\/div>\n\t\t\t\t<div class=\"elementor-post__excerpt\">\n\t\t\t<p>Why choose the H\u00f4tel Londres Saint-Honor\u00e9 for a stay in Paris? Located just a stone's throw from the Louvre, rue Saint-Honor\u00e9 and the Tuileries Gardens,<\/p>\n\t\t<\/div>\n\t\t\n\t\t<a class=\"elementor-post__read-more\" href=\"https:\/\/www.hotellondressthonore-paris.com\/en\/hotel-saint-honore\/\" aria-label=\"Read more about H\u00f4tel Saint-Honor\u00e9: stay in the heart of Paris at H\u00f4tel Londres Saint-Honor\u00e9\" tabindex=\"-1\" >\n\t\t\tRead more \"\t\t<\/a>\n\n\t\t\t\t<\/div>\n\t\t\t\t<\/article>\n\t\t\t\t<\/div>\n\t\t\n\t\t\t\t<div class=\"e-load-more-anchor\" data-page=\"1\" data-max-page=\"2\" data-next-page=\"https:\/\/www.hotellondressthonore-paris.com\/en\/wp-json\/wp\/v2\/pages\/61\/page\/2\/\"><\/div>\n\t\t\t\t<nav class=\"elementor-pagination\" aria-label=\"Pagination\">\n\t\t\t<span aria-current=\"page\" class=\"page-numbers current\"><span class=\"elementor-screen-only\">Page<\/span>1<\/span>\n<a class=\"page-numbers\" href=\"https:\/\/www.hotellondressthonore-paris.com\/en\/wp-json\/wp\/v2\/pages\/61\/page\/2\/\"><span class=\"elementor-screen-only\">Page<\/span>2<\/a>\t\t<\/nav>\n\t\t\t\t\t\t<\/div>\n\t\t\t\t<\/div>\n\t\t\t\t\t<\/div>\n\t\t\t\t<\/div>\n\t\t\t\t<\/div>","protected":false},"excerpt":{"rendered":"<p>News<\/p>","protected":false},"author":7,"featured_media":0,"parent":0,"menu_order":0,"comment_status":"closed","ping_status":"closed","template":"","meta":{"_acf_changed":false,"inline_featured_image":false,"footnotes":""},"class_list":["post-61","page","type-page","status-publish","hentry"],"acf":[],"_links":{"self":[{"href":"https:\/\/www.hotellondressthonore-paris.com\/en\/wp-json\/wp\/v2\/pages\/61","targetHints":{"allow":["GET"]}}],"collection":[{"href":"https:\/\/www.hotellondressthonore-paris.com\/en\/wp-json\/wp\/v2\/pages"}],"about":[{"href":"https:\/\/www.hotellondressthonore-paris.com\/en\/wp-json\/wp\/v2\/types\/page"}],"author":[{"embeddable":true,"href":"https:\/\/www.hotellondressthonore-paris.com\/en\/wp-json\/wp\/v2\/users\/7"}],"replies":[{"embeddable":true,"href":"https:\/\/www.hotellondressthonore-paris.com\/en\/wp-json\/wp\/v2\/comments?post=61"}],"version-history":[{"count":55,"href":"https:\/\/www.hotellondressthonore-paris.com\/en\/wp-json\/wp\/v2\/pages\/61\/revisions"}],"predecessor-version":[{"id":4068,"href":"https:\/\/www.hotellondressthonore-paris.com\/en\/wp-json\/wp\/v2\/pages\/61\/revisions\/4068"}],"wp:attachment":[{"href":"https:\/\/www.hotellondressthonore-paris.com\/en\/wp-json\/wp\/v2\/media?parent=61"}],"curies":[{"name":"wp","href":"https:\/\/api.w.org\/{rel}","templated":true}]}}