{"id":1500,"date":"2023-07-04T12:22:23","date_gmt":"2023-07-04T10:22:23","guid":{"rendered":"https:\/\/www.hotellondressthonore-paris.com\/?page_id=1500"},"modified":"2025-03-25T08:41:20","modified_gmt":"2025-03-25T07:41:20","slug":"hotel-place-concorde","status":"publish","type":"page","link":"https:\/\/www.hotellondressthonore-paris.com\/en\/activites\/hotel-place-concorde\/","title":{"rendered":"Jardin des Tuileries &amp; Place de la Concorde"},"content":{"rendered":"<div data-elementor-type=\"wp-page\" data-elementor-id=\"1500\" class=\"elementor elementor-1500\" data-elementor-post-type=\"page\">\n\t\t\t\t<div class=\"elementor-element elementor-element-7e28f043 e-con-full e-flex e-con e-parent\" data-id=\"7e28f043\" data-element_type=\"container\" data-e-type=\"container\" data-settings=\"{&quot;background_background&quot;:&quot;classic&quot;}\">\n\t\t\t\t<div class=\"elementor-element elementor-element-22325961 elementor-widget elementor-widget-heading\" data-id=\"22325961\" data-element_type=\"widget\" data-e-type=\"widget\" data-widget_type=\"heading.default\">\n\t\t\t\t<div class=\"elementor-widget-container\">\n\t\t\t\t\t<span class=\"elementor-heading-title elementor-size-default\">Jardin des Tuileries &amp; Place de la Concorde<\/span>\t\t\t\t<\/div>\n\t\t\t\t<\/div>\n\t\t\t\t<div class=\"elementor-element elementor-element-d63f350 elementor-widget elementor-widget-heading\" data-id=\"d63f350\" data-element_type=\"widget\" data-e-type=\"widget\" data-widget_type=\"heading.default\">\n\t\t\t\t<div class=\"elementor-widget-container\">\n\t\t\t\t\t<h1 class=\"elementor-heading-title elementor-size-default\">Hotel Place de la Concorde Paris<\/h1>\t\t\t\t<\/div>\n\t\t\t\t<\/div>\n\t\t\t\t<\/div>\n\t\t<div class=\"elementor-element elementor-element-148fbbce e-con-full e-flex e-con e-parent\" data-id=\"148fbbce\" data-element_type=\"container\" data-e-type=\"container\">\n\t\t\t\t<div class=\"elementor-element elementor-element-64bfdd2 elementor-mobile-align-center elementor-widget elementor-widget-button\" data-id=\"64bfdd2\" data-element_type=\"widget\" data-e-type=\"widget\" data-widget_type=\"button.default\">\n\t\t\t\t<div class=\"elementor-widget-container\">\n\t\t\t\t\t\t\t\t\t<div class=\"elementor-button-wrapper\">\n\t\t\t\t\t<a class=\"elementor-button elementor-button-link elementor-size-sm\" href=\"https:\/\/www.hotellondressthonore-paris.com\/en\/activites\/hotel-place-vendome\/\">\n\t\t\t\t\t\t<span class=\"elementor-button-content-wrapper\">\n\t\t\t\t\t\t<span class=\"elementor-button-icon\">\n\t\t\t\t<i aria-hidden=\"true\" class=\"eliofont eliofont-arrow-left\"><\/i>\t\t\t<\/span>\n\t\t\t\t\t\t\t\t\t<span class=\"elementor-button-text\">Previous destination<\/span>\n\t\t\t\t\t<\/span>\n\t\t\t\t\t<\/a>\n\t\t\t\t<\/div>\n\t\t\t\t\t\t\t\t<\/div>\n\t\t\t\t<\/div>\n\t\t\t\t<div class=\"elementor-element elementor-element-b498f75 elementor-mobile-align-center elementor-widget elementor-widget-button\" data-id=\"b498f75\" data-element_type=\"widget\" data-e-type=\"widget\" data-widget_type=\"button.default\">\n\t\t\t\t<div class=\"elementor-widget-container\">\n\t\t\t\t\t\t\t\t\t<div class=\"elementor-button-wrapper\">\n\t\t\t\t\t<a class=\"elementor-button elementor-button-link elementor-size-sm\" href=\"https:\/\/www.hotellondressthonore-paris.com\/en\/activites\/st-honore-paris\/\">\n\t\t\t\t\t\t<span class=\"elementor-button-content-wrapper\">\n\t\t\t\t\t\t<span class=\"elementor-button-icon\">\n\t\t\t\t<i aria-hidden=\"true\" class=\"eliofont eliofont-arrow-right\"><\/i>\t\t\t<\/span>\n\t\t\t\t\t\t\t\t\t<span class=\"elementor-button-text\">Next destination<\/span>\n\t\t\t\t\t<\/span>\n\t\t\t\t\t<\/a>\n\t\t\t\t<\/div>\n\t\t\t\t\t\t\t\t<\/div>\n\t\t\t\t<\/div>\n\t\t\t\t<\/div>\n\t\t<div class=\"elementor-element elementor-element-c5e1986 e-con-full fade-bloc e-flex e-con e-parent\" data-id=\"c5e1986\" data-element_type=\"container\" data-e-type=\"container\" data-settings=\"{&quot;background_background&quot;:&quot;classic&quot;}\">\n\t\t<div class=\"elementor-element elementor-element-22e26e7 e-con-full fade-content e-flex e-con e-child\" data-id=\"22e26e7\" data-element_type=\"container\" data-e-type=\"container\" data-settings=\"{&quot;background_background&quot;:&quot;classic&quot;}\">\n\t\t<div class=\"elementor-element elementor-element-12d2bde e-flex e-con-boxed e-con e-child\" data-id=\"12d2bde\" data-element_type=\"container\" data-e-type=\"container\">\n\t\t\t\t\t<div class=\"e-con-inner\">\n\t\t\t\t<div class=\"elementor-element elementor-element-88821d7 fade-title elementor-widget elementor-widget-heading\" data-id=\"88821d7\" data-element_type=\"widget\" data-e-type=\"widget\" data-widget_type=\"heading.default\">\n\t\t\t\t<div class=\"elementor-widget-container\">\n\t\t\t\t\t<h2 class=\"elementor-heading-title elementor-size-default\">The Tuileries Gardens and Place de la Concorde <\/h2>\t\t\t\t<\/div>\n\t\t\t\t<\/div>\n\t\t\t\t<div class=\"elementor-element elementor-element-cf71ab2 fade-text elementor-widget elementor-widget-text-editor\" data-id=\"cf71ab2\" data-element_type=\"widget\" data-e-type=\"widget\" data-widget_type=\"text-editor.default\">\n\t\t\t\t<div class=\"elementor-widget-container\">\n\t\t\t\t\t\t\t\t\t<p>Just a stone's throw from your hotel, the Jardin des Tuileries and Place de la Concorde offer an unforgettable stroll through history, art and nature. A haven of peace in the heart of the capital, the Jardin des Tuileries is the oldest French garden in Paris, designed by Andr\u00e9 Le N\u00f4tre for Catherine de M\u00e9dicis in the 17th century.<\/p><p>As you stroll through the avenues lined with statues and ponds, you'll discover a green setting where works of art and flowerbeds mingle. Sit back on a chair beside a pond and admire the view of the Louvre on one side and Place de la Concorde on the other. The garden is also home to two not-to-be-missed museums: the Mus\u00e9e de l'Orangerie, famous for Monet's Water Lilies, and the Jeu de Paume, dedicated to contemporary photography.<\/p>\t\t\t\t\t\t\t\t<\/div>\n\t\t\t\t<\/div>\n\t\t\t\t\t<\/div>\n\t\t\t\t<\/div>\n\t\t\t\t<\/div>\n\t\t<div class=\"elementor-element elementor-element-9b71bf0 e-con-full e-flex e-con e-child\" data-id=\"9b71bf0\" data-element_type=\"container\" data-e-type=\"container\" data-settings=\"{&quot;background_background&quot;:&quot;classic&quot;}\">\n\t\t\t\t<\/div>\n\t\t\t\t<\/div>\n\t\t<div class=\"elementor-element elementor-element-076255b e-con-full fade-bloc e-flex e-con e-parent\" data-id=\"076255b\" data-element_type=\"container\" data-e-type=\"container\">\n\t\t<div class=\"elementor-element elementor-element-01f3108 e-con-full fade-content e-flex e-con e-child\" data-id=\"01f3108\" data-element_type=\"container\" data-e-type=\"container\" data-settings=\"{&quot;background_background&quot;:&quot;classic&quot;}\">\n\t\t<div class=\"elementor-element elementor-element-465b5a8 e-flex e-con-boxed e-con e-child\" data-id=\"465b5a8\" data-element_type=\"container\" data-e-type=\"container\">\n\t\t\t\t\t<div class=\"e-con-inner\">\n\t\t\t\t<div class=\"elementor-element elementor-element-0177c28 fade-title elementor-widget elementor-widget-heading\" data-id=\"0177c28\" data-element_type=\"widget\" data-e-type=\"widget\" data-widget_type=\"heading.default\">\n\t\t\t\t<div class=\"elementor-widget-container\">\n\t\t\t\t\t<h2 class=\"elementor-heading-title elementor-size-default\">A majestic stroll through the heart of Paris<\/h2>\t\t\t\t<\/div>\n\t\t\t\t<\/div>\n\t\t\t\t<div class=\"elementor-element elementor-element-909c2f5 fade-text elementor-widget elementor-widget-text-editor\" data-id=\"909c2f5\" data-element_type=\"widget\" data-e-type=\"widget\" data-widget_type=\"text-editor.default\">\n\t\t\t\t<div class=\"elementor-widget-container\">\n\t\t\t\t\t\t\t\t\t<p>Continuing your stroll, you will reach the Place de la Concorde, the largest and one of the most majestic squares in Paris. Witness to the history of France, its cobblestones witnessed the great hours of the Revolution, including the execution of Louis XVI and Marie-Antoinette. Today, it is dominated by the Luxor obelisk, an impressive monument over 3,000 years old that Egypt gave to France.<\/p><p>Surrounded by monumental fountains and offering a breathtaking view of the Champs-\u00c9lys\u00e9es, the Seine and the National Assembly, the Place de la Concorde is a must for admiring Paris in all its splendour. A mix of nature, art and heritage, this walk is an invitation to discover and marvel.<\/p>\t\t\t\t\t\t\t\t<\/div>\n\t\t\t\t<\/div>\n\t\t\t\t\t<\/div>\n\t\t\t\t<\/div>\n\t\t\t\t<\/div>\n\t\t<div class=\"elementor-element elementor-element-09187d4 e-con-full e-flex e-con e-child\" data-id=\"09187d4\" data-element_type=\"container\" data-e-type=\"container\" data-settings=\"{&quot;background_background&quot;:&quot;classic&quot;}\">\n\t\t\t\t<\/div>\n\t\t\t\t<\/div>\n\t\t\t\t<\/div>","protected":false},"excerpt":{"rendered":"<p>H\u00f4tel Place de la Concorde Paris Destination pr\u00e9c\u00e9dente Destination suivante Le Jardin des Tuileries et la Place de la Concorde \u00c0 quelques pas de votre h\u00f4tel, le Jardin des Tuileries et la Place de la Concorde offrent une promenade inoubliable entre histoire, art et nature. V\u00e9ritable havre de paix au c\u0153ur de la capitale, le [&hellip;]<\/p>\n","protected":false},"author":13,"featured_media":0,"parent":67,"menu_order":0,"comment_status":"closed","ping_status":"closed","template":"","meta":{"_acf_changed":false,"inline_featured_image":false,"footnotes":""},"class_list":["post-1500","page","type-page","status-publish","hentry"],"acf":[],"_links":{"self":[{"href":"https:\/\/www.hotellondressthonore-paris.com\/en\/wp-json\/wp\/v2\/pages\/1500","targetHints":{"allow":["GET"]}}],"collection":[{"href":"https:\/\/www.hotellondressthonore-paris.com\/en\/wp-json\/wp\/v2\/pages"}],"about":[{"href":"https:\/\/www.hotellondressthonore-paris.com\/en\/wp-json\/wp\/v2\/types\/page"}],"author":[{"embeddable":true,"href":"https:\/\/www.hotellondressthonore-paris.com\/en\/wp-json\/wp\/v2\/users\/13"}],"replies":[{"embeddable":true,"href":"https:\/\/www.hotellondressthonore-paris.com\/en\/wp-json\/wp\/v2\/comments?post=1500"}],"version-history":[{"count":45,"href":"https:\/\/www.hotellondressthonore-paris.com\/en\/wp-json\/wp\/v2\/pages\/1500\/revisions"}],"predecessor-version":[{"id":3892,"href":"https:\/\/www.hotellondressthonore-paris.com\/en\/wp-json\/wp\/v2\/pages\/1500\/revisions\/3892"}],"up":[{"embeddable":true,"href":"https:\/\/www.hotellondressthonore-paris.com\/en\/wp-json\/wp\/v2\/pages\/67"}],"wp:attachment":[{"href":"https:\/\/www.hotellondressthonore-paris.com\/en\/wp-json\/wp\/v2\/media?parent=1500"}],"curies":[{"name":"wp","href":"https:\/\/api.w.org\/{rel}","templated":true}]}}