{"id":68,"date":"2023-06-19T11:11:09","date_gmt":"2023-06-19T09:11:09","guid":{"rendered":"https:\/\/www.hotellondressthonore-paris.com\/?page_id=68"},"modified":"2025-06-10T15:30:59","modified_gmt":"2025-06-10T13:30:59","slug":"hotelangebote-paris","status":"publish","type":"page","link":"https:\/\/www.hotellondressthonore-paris.com\/de\/offres-hotel-paris\/","title":{"rendered":"Unsere Angebote"},"content":{"rendered":"<div data-elementor-type=\"wp-page\" data-elementor-id=\"68\" class=\"elementor elementor-68\" data-elementor-post-type=\"page\">\n\t\t\t\t<div class=\"elementor-element elementor-element-085c7b9 e-con-full e-flex e-con e-parent\" data-id=\"085c7b9\" data-element_type=\"container\" data-e-type=\"container\" data-settings=\"{&quot;background_background&quot;:&quot;classic&quot;}\">\n\t\t\t\t<div class=\"elementor-element elementor-element-e911aff elementor-widget elementor-widget-heading\" data-id=\"e911aff\" data-element_type=\"widget\" data-e-type=\"widget\" data-widget_type=\"heading.default\">\n\t\t\t\t<div class=\"elementor-widget-container\">\n\t\t\t\t\t<span class=\"elementor-heading-title elementor-size-default\">Unsere Angebote<\/span>\t\t\t\t<\/div>\n\t\t\t\t<\/div>\n\t\t\t\t<div class=\"elementor-element elementor-element-9a42b75 elementor-widget elementor-widget-heading\" data-id=\"9a42b75\" data-element_type=\"widget\" data-e-type=\"widget\" data-widget_type=\"heading.default\">\n\t\t\t\t<div class=\"elementor-widget-container\">\n\t\t\t\t\t<h1 class=\"elementor-heading-title elementor-size-default\">Hotel Paris Zentrum 3 Sterne<\/h1>\t\t\t\t<\/div>\n\t\t\t\t<\/div>\n\t\t\t\t<\/div>\n\t\t<div class=\"elementor-element elementor-element-daa0984 e-flex e-con-boxed e-con e-parent\" data-id=\"daa0984\" data-element_type=\"container\" data-e-type=\"container\">\n\t\t\t\t\t<div class=\"e-con-inner\">\n\t\t<div class=\"elementor-element elementor-element-5ac87e9 e-con-full e-flex e-con e-child\" data-id=\"5ac87e9\" data-element_type=\"container\" data-e-type=\"container\">\n\t\t\t\t<div class=\"elementor-element elementor-element-b4d7e55 elementor-absolute full-img elementor-widget elementor-widget-image\" data-id=\"b4d7e55\" data-element_type=\"widget\" data-e-type=\"widget\" data-settings=\"{&quot;_position&quot;:&quot;absolute&quot;}\" data-widget_type=\"image.default\">\n\t\t\t\t<div class=\"elementor-widget-container\">\n\t\t\t\t\t\t\t\t\t\t\t\t\t\t\t<img fetchpriority=\"high\" decoding=\"async\" width=\"2560\" height=\"1707\" src=\"https:\/\/www.hotellondressthonore-paris.com\/wp-content\/uploads\/2025\/02\/315090-19-cb-01N-selec-chambre-sup-scaled.jpg\" class=\"attachment-full size-full wp-image-3491\" alt=\"\" srcset=\"https:\/\/www.hotellondressthonore-paris.com\/wp-content\/uploads\/2025\/02\/315090-19-cb-01N-selec-chambre-sup-scaled.jpg 2560w, https:\/\/www.hotellondressthonore-paris.com\/wp-content\/uploads\/2025\/02\/315090-19-cb-01N-selec-chambre-sup-300x200.jpg 300w, https:\/\/www.hotellondressthonore-paris.com\/wp-content\/uploads\/2025\/02\/315090-19-cb-01N-selec-chambre-sup-1024x683.jpg 1024w, https:\/\/www.hotellondressthonore-paris.com\/wp-content\/uploads\/2025\/02\/315090-19-cb-01N-selec-chambre-sup-768x512.jpg 768w, https:\/\/www.hotellondressthonore-paris.com\/wp-content\/uploads\/2025\/02\/315090-19-cb-01N-selec-chambre-sup-1536x1024.jpg 1536w, https:\/\/www.hotellondressthonore-paris.com\/wp-content\/uploads\/2025\/02\/315090-19-cb-01N-selec-chambre-sup-2048x1365.jpg 2048w, https:\/\/www.hotellondressthonore-paris.com\/wp-content\/uploads\/2025\/02\/315090-19-cb-01N-selec-chambre-sup-18x12.jpg 18w\" sizes=\"(max-width: 2560px) 100vw, 2560px\" title=\"\">\t\t\t\t\t\t\t\t\t\t\t\t\t\t\t<\/div>\n\t\t\t\t<\/div>\n\t\t<div class=\"elementor-element elementor-element-bea10b7 e-con-full e-flex e-con e-child\" data-id=\"bea10b7\" data-element_type=\"container\" data-e-type=\"container\">\n\t\t\t\t<div class=\"elementor-element elementor-element-eed64ec elementor-widget elementor-widget-heading\" data-id=\"eed64ec\" data-element_type=\"widget\" data-e-type=\"widget\" data-widget_type=\"heading.default\">\n\t\t\t\t<div class=\"elementor-widget-container\">\n\t\t\t\t\t<h3 class=\"elementor-heading-title elementor-size-default\">Pack 3 N\u00e4chte -15% des \u00f6ffentlichen Preises<\/h3>\t\t\t\t<\/div>\n\t\t\t\t<\/div>\n\t\t\t\t<div class=\"elementor-element elementor-element-f00c9c5 elementor-widget elementor-widget-text-editor\" data-id=\"f00c9c5\" data-element_type=\"widget\" data-e-type=\"widget\" data-widget_type=\"text-editor.default\">\n\t\t\t\t<div class=\"elementor-widget-container\">\n\t\t\t\t\t\t\t\t\t<p>Sondertarif f\u00fcr mindestens 3 N\u00e4chte, der zu bestimmten Zeiten des Jahres gilt. <em>(bitte bei der Buchung \u00fcberpr\u00fcfen).<\/em><\/p><p>Angebot g\u00fcltig f\u00fcr alle unsere Zimmerkategorien au\u00dfer 8 (-15% auf den \u00f6ffentlichen Tarif) mit Vorauszahlung bei der Buchung der 1. Nacht, die im Falle einer Stornierung nicht zur\u00fcckerstattet wird.<\/p><p>Dieses Angebot kann nicht mit einem anderen Angebot kombiniert werden.<\/p>\t\t\t\t\t\t\t\t<\/div>\n\t\t\t\t<\/div>\n\t\t<div class=\"elementor-element elementor-element-1fa5e01 fade-button e-flex e-con-boxed e-con e-child\" data-id=\"1fa5e01\" data-element_type=\"container\" data-e-type=\"container\">\n\t\t\t\t\t<div class=\"e-con-inner\">\n\t\t\t\t<div class=\"elementor-element elementor-element-55d11f6 elementor-align-justify elementor-widget elementor-widget-button\" data-id=\"55d11f6\" data-element_type=\"widget\" data-e-type=\"widget\" data-widget_type=\"button.default\">\n\t\t\t\t<div class=\"elementor-widget-container\">\n\t\t\t\t\t\t\t\t\t<div class=\"elementor-button-wrapper\">\n\t\t\t\t\t<a class=\"elementor-button elementor-button-link elementor-size-sm\" href=\"https:\/\/www.secure-hotel-booking.com\/smart\/HOTEL-LONDRES-SAINT-HONORE\/2GUA\/fr-FR\/?_ga=2.139149299.193309847.1740473355-421651558.1740070744\" target=\"_blank\" rel=\"nofollow noopener\">\n\t\t\t\t\t\t<span class=\"elementor-button-content-wrapper\">\n\t\t\t\t\t\t\t\t\t<span class=\"elementor-button-text\">Buchen<\/span>\n\t\t\t\t\t<\/span>\n\t\t\t\t\t<\/a>\n\t\t\t\t<\/div>\n\t\t\t\t\t\t\t\t<\/div>\n\t\t\t\t<\/div>\n\t\t\t\t\t<\/div>\n\t\t\t\t<\/div>\n\t\t\t\t<\/div>\n\t\t\t\t<\/div>\n\t\t<div class=\"elementor-element elementor-element-a85c55d e-con-full e-flex e-con e-child\" data-id=\"a85c55d\" data-element_type=\"container\" data-e-type=\"container\">\n\t\t\t\t<div class=\"elementor-element elementor-element-8532e0b elementor-absolute full-img elementor-widget elementor-widget-image\" data-id=\"8532e0b\" data-element_type=\"widget\" data-e-type=\"widget\" data-settings=\"{&quot;_position&quot;:&quot;absolute&quot;}\" data-widget_type=\"image.default\">\n\t\t\t\t<div class=\"elementor-widget-container\">\n\t\t\t\t\t\t\t\t\t\t\t\t\t\t\t<img decoding=\"async\" width=\"1920\" height=\"1280\" src=\"https:\/\/www.hotellondressthonore-paris.com\/wp-content\/uploads\/2025\/02\/Triple-superieure_19A7636-md.jpg\" class=\"attachment-full size-full wp-image-3495\" alt=\"\" srcset=\"https:\/\/www.hotellondressthonore-paris.com\/wp-content\/uploads\/2025\/02\/Triple-superieure_19A7636-md.jpg 1920w, https:\/\/www.hotellondressthonore-paris.com\/wp-content\/uploads\/2025\/02\/Triple-superieure_19A7636-md-300x200.jpg 300w, https:\/\/www.hotellondressthonore-paris.com\/wp-content\/uploads\/2025\/02\/Triple-superieure_19A7636-md-1024x683.jpg 1024w, https:\/\/www.hotellondressthonore-paris.com\/wp-content\/uploads\/2025\/02\/Triple-superieure_19A7636-md-768x512.jpg 768w, https:\/\/www.hotellondressthonore-paris.com\/wp-content\/uploads\/2025\/02\/Triple-superieure_19A7636-md-1536x1024.jpg 1536w, https:\/\/www.hotellondressthonore-paris.com\/wp-content\/uploads\/2025\/02\/Triple-superieure_19A7636-md-18x12.jpg 18w\" sizes=\"(max-width: 1920px) 100vw, 1920px\" title=\"\">\t\t\t\t\t\t\t\t\t\t\t\t\t\t\t<\/div>\n\t\t\t\t<\/div>\n\t\t<div class=\"elementor-element elementor-element-4797e8d e-con-full e-flex e-con e-child\" data-id=\"4797e8d\" data-element_type=\"container\" data-e-type=\"container\">\n\t\t\t\t<div class=\"elementor-element elementor-element-b3bee0e elementor-widget elementor-widget-heading\" data-id=\"b3bee0e\" data-element_type=\"widget\" data-e-type=\"widget\" data-widget_type=\"heading.default\">\n\t\t\t\t<div class=\"elementor-widget-container\">\n\t\t\t\t\t<h3 class=\"elementor-heading-title elementor-size-default\">Angebot nicht umtauschbar und nicht erstattungsf\u00e4hig\n<\/h3>\t\t\t\t<\/div>\n\t\t\t\t<\/div>\n\t\t\t\t<div class=\"elementor-element elementor-element-7ef6ef1 elementor-widget elementor-widget-text-editor\" data-id=\"7ef6ef1\" data-element_type=\"widget\" data-e-type=\"widget\" data-widget_type=\"text-editor.default\">\n\t\t\t\t<div class=\"elementor-widget-container\">\n\t\t\t\t\t\t\t\t\t<p>Unser bestes Angebot, das zu bestimmten Zeiten des Jahres verf\u00fcgbar ist.<em> (bitte bei der Buchung \u00fcberpr\u00fcfen)<br \/><\/em><br \/>Vollst\u00e4ndige Bezahlung des Aufenthalts bei der Buchung.<\/p><p>G\u00fcltig f\u00fcr alle unsere Zimmer au\u00dfer Zimmer 8.<\/p><p>Nicht mit anderen Werbeaktionen kombinierbar.<\/p>\t\t\t\t\t\t\t\t<\/div>\n\t\t\t\t<\/div>\n\t\t<div class=\"elementor-element elementor-element-c1212b9 fade-button e-flex e-con-boxed e-con e-child\" data-id=\"c1212b9\" data-element_type=\"container\" data-e-type=\"container\">\n\t\t\t\t\t<div class=\"e-con-inner\">\n\t\t\t\t<div class=\"elementor-element elementor-element-105d8d4 elementor-align-justify elementor-widget elementor-widget-button\" data-id=\"105d8d4\" data-element_type=\"widget\" data-e-type=\"widget\" data-widget_type=\"button.default\">\n\t\t\t\t<div class=\"elementor-widget-container\">\n\t\t\t\t\t\t\t\t\t<div class=\"elementor-button-wrapper\">\n\t\t\t\t\t<a class=\"elementor-button elementor-button-link elementor-size-sm\" href=\"https:\/\/www.secure-hotel-booking.com\/smart\/HOTEL-LONDRES-SAINT-HONORE\/2GUA\/fr-FR\/?_ga=2.139149299.193309847.1740473355-421651558.1740070744\" target=\"_blank\" rel=\"nofollow noopener\">\n\t\t\t\t\t\t<span class=\"elementor-button-content-wrapper\">\n\t\t\t\t\t\t\t\t\t<span class=\"elementor-button-text\">Buchen<\/span>\n\t\t\t\t\t<\/span>\n\t\t\t\t\t<\/a>\n\t\t\t\t<\/div>\n\t\t\t\t\t\t\t\t<\/div>\n\t\t\t\t<\/div>\n\t\t\t\t\t<\/div>\n\t\t\t\t<\/div>\n\t\t\t\t<\/div>\n\t\t\t\t<\/div>\n\t\t\t\t\t<\/div>\n\t\t\t\t<\/div>\n\t\t<div class=\"elementor-element elementor-element-0706a7f e-con-full e-flex e-con e-parent\" data-id=\"0706a7f\" data-element_type=\"container\" data-e-type=\"container\">\n\t\t<div class=\"elementor-element elementor-element-0249607 fade-maillage-container e-flex e-con-boxed e-con e-child\" data-id=\"0249607\" data-element_type=\"container\" data-e-type=\"container\" data-settings=\"{&quot;background_background&quot;:&quot;classic&quot;}\">\n\t\t\t\t\t<div class=\"e-con-inner\">\n\t\t<div class=\"elementor-element elementor-element-57dbc8a fade-maillage-block e-flex e-con-boxed e-con e-child\" data-id=\"57dbc8a\" data-element_type=\"container\" data-e-type=\"container\">\n\t\t\t\t\t<div class=\"e-con-inner\">\n\t\t\t\t<div class=\"elementor-element elementor-element-c59e6d2 fade-maillage-title elementor-widget elementor-widget-heading\" data-id=\"c59e6d2\" data-element_type=\"widget\" data-e-type=\"widget\" data-widget_type=\"heading.default\">\n\t\t\t\t<div class=\"elementor-widget-container\">\n\t\t\t\t\t<h2 class=\"elementor-heading-title elementor-size-default\">Die Umgebung<\/h2>\t\t\t\t<\/div>\n\t\t\t\t<\/div>\n\t\t<div class=\"elementor-element elementor-element-c3b0c51 fade-maillage-button e-flex e-con-boxed e-con e-child\" data-id=\"c3b0c51\" data-element_type=\"container\" data-e-type=\"container\">\n\t\t\t\t\t<div class=\"e-con-inner\">\n\t\t\t\t<div class=\"elementor-element elementor-element-a695d3d elementor-align-justify elementor-widget elementor-widget-button\" data-id=\"a695d3d\" data-element_type=\"widget\" data-e-type=\"widget\" data-widget_type=\"button.default\">\n\t\t\t\t<div class=\"elementor-widget-container\">\n\t\t\t\t\t\t\t\t\t<div class=\"elementor-button-wrapper\">\n\t\t\t\t\t<a class=\"elementor-button elementor-button-link elementor-size-sm\" href=\"https:\/\/www.hotellondressthonore-paris.com\/de\/activites\/\">\n\t\t\t\t\t\t<span class=\"elementor-button-content-wrapper\">\n\t\t\t\t\t\t\t\t\t<span class=\"elementor-button-text\">Entdecken Sie<\/span>\n\t\t\t\t\t<\/span>\n\t\t\t\t\t<\/a>\n\t\t\t\t<\/div>\n\t\t\t\t\t\t\t\t<\/div>\n\t\t\t\t<\/div>\n\t\t\t\t\t<\/div>\n\t\t\t\t<\/div>\n\t\t\t\t\t<\/div>\n\t\t\t\t<\/div>\n\t\t\t\t\t<\/div>\n\t\t\t\t<\/div>\n\t\t<div class=\"elementor-element elementor-element-3f1dfcb fade-maillage-container e-flex e-con-boxed e-con e-child\" data-id=\"3f1dfcb\" data-element_type=\"container\" data-e-type=\"container\" data-settings=\"{&quot;background_background&quot;:&quot;classic&quot;}\">\n\t\t\t\t\t<div class=\"e-con-inner\">\n\t\t<div class=\"elementor-element elementor-element-d02e789 fade-maillage-block e-flex e-con-boxed e-con e-child\" data-id=\"d02e789\" data-element_type=\"container\" data-e-type=\"container\">\n\t\t\t\t\t<div class=\"e-con-inner\">\n\t\t\t\t<div class=\"elementor-element elementor-element-078c5dd fade-maillage-title elementor-widget elementor-widget-heading\" data-id=\"078c5dd\" data-element_type=\"widget\" data-e-type=\"widget\" data-widget_type=\"heading.default\">\n\t\t\t\t<div class=\"elementor-widget-container\">\n\t\t\t\t\t<h2 class=\"elementor-heading-title elementor-size-default\">Unsere Zimmer<\/h2>\t\t\t\t<\/div>\n\t\t\t\t<\/div>\n\t\t<div class=\"elementor-element elementor-element-27cf511 fade-maillage-button e-flex e-con-boxed e-con e-child\" data-id=\"27cf511\" data-element_type=\"container\" data-e-type=\"container\">\n\t\t\t\t\t<div class=\"e-con-inner\">\n\t\t\t\t<div class=\"elementor-element elementor-element-878a541 elementor-align-justify elementor-widget elementor-widget-button\" data-id=\"878a541\" data-element_type=\"widget\" data-e-type=\"widget\" data-widget_type=\"button.default\">\n\t\t\t\t<div class=\"elementor-widget-container\">\n\t\t\t\t\t\t\t\t\t<div class=\"elementor-button-wrapper\">\n\t\t\t\t\t<a class=\"elementor-button elementor-button-link elementor-size-sm\" href=\"https:\/\/www.hotellondressthonore-paris.com\/de\/chambres\/\">\n\t\t\t\t\t\t<span class=\"elementor-button-content-wrapper\">\n\t\t\t\t\t\t\t\t\t<span class=\"elementor-button-text\">Entdecken Sie<\/span>\n\t\t\t\t\t<\/span>\n\t\t\t\t\t<\/a>\n\t\t\t\t<\/div>\n\t\t\t\t\t\t\t\t<\/div>\n\t\t\t\t<\/div>\n\t\t\t\t\t<\/div>\n\t\t\t\t<\/div>\n\t\t\t\t\t<\/div>\n\t\t\t\t<\/div>\n\t\t\t\t\t<\/div>\n\t\t\t\t<\/div>\n\t\t<div class=\"elementor-element elementor-element-e8e0069 fade-maillage-container e-flex e-con-boxed e-con e-child\" data-id=\"e8e0069\" data-element_type=\"container\" data-e-type=\"container\" data-settings=\"{&quot;background_background&quot;:&quot;classic&quot;}\">\n\t\t\t\t\t<div class=\"e-con-inner\">\n\t\t<div class=\"elementor-element elementor-element-99d063e fade-maillage-block e-flex e-con-boxed e-con e-child\" data-id=\"99d063e\" data-element_type=\"container\" data-e-type=\"container\">\n\t\t\t\t\t<div class=\"e-con-inner\">\n\t\t\t\t<div class=\"elementor-element elementor-element-5bc8745 fade-maillage-title elementor-widget elementor-widget-heading\" data-id=\"5bc8745\" data-element_type=\"widget\" data-e-type=\"widget\" data-widget_type=\"heading.default\">\n\t\t\t\t<div class=\"elementor-widget-container\">\n\t\t\t\t\t<h2 class=\"elementor-heading-title elementor-size-default\">Zugang &amp;<br \/>Kontakt<\/h2>\t\t\t\t<\/div>\n\t\t\t\t<\/div>\n\t\t<div class=\"elementor-element elementor-element-c28f657 fade-maillage-button e-flex e-con-boxed e-con e-child\" data-id=\"c28f657\" data-element_type=\"container\" data-e-type=\"container\">\n\t\t\t\t\t<div class=\"e-con-inner\">\n\t\t\t\t<div class=\"elementor-element elementor-element-ccd27e5 elementor-align-justify elementor-widget elementor-widget-button\" data-id=\"ccd27e5\" data-element_type=\"widget\" data-e-type=\"widget\" data-widget_type=\"button.default\">\n\t\t\t\t<div class=\"elementor-widget-container\">\n\t\t\t\t\t\t\t\t\t<div class=\"elementor-button-wrapper\">\n\t\t\t\t\t<a class=\"elementor-button elementor-button-link elementor-size-sm\" href=\"https:\/\/www.hotellondressthonore-paris.com\/de\/acces-contact\/\">\n\t\t\t\t\t\t<span class=\"elementor-button-content-wrapper\">\n\t\t\t\t\t\t\t\t\t<span class=\"elementor-button-text\">Entdecken Sie<\/span>\n\t\t\t\t\t<\/span>\n\t\t\t\t\t<\/a>\n\t\t\t\t<\/div>\n\t\t\t\t\t\t\t\t<\/div>\n\t\t\t\t<\/div>\n\t\t\t\t\t<\/div>\n\t\t\t\t<\/div>\n\t\t\t\t\t<\/div>\n\t\t\t\t<\/div>\n\t\t\t\t\t<\/div>\n\t\t\t\t<\/div>\n\t\t\t\t<\/div>\n\t\t\t\t<\/div>","protected":false},"excerpt":{"rendered":"<p>Nos offres H\u00f4tel Paris centre 3 \u00e9toiles Pack 3 nuits -15% du prix public Tarif sp\u00e9cial de 3 nuits minimum applicable \u00e0 certaines p\u00e9riodes de l&rsquo;ann\u00e9e. (\u00e0 v\u00e9rifier lors de votre r\u00e9servation). Offre valable sur toutes nos cat\u00e9gories de chambres sauf la 8 (-15% sur tarif public) avec pr\u00e9-paiement \u00e0 la r\u00e9servation de la 1\u00e8re [&hellip;]<\/p>\n","protected":false},"author":7,"featured_media":0,"parent":0,"menu_order":0,"comment_status":"closed","ping_status":"closed","template":"","meta":{"_acf_changed":false,"inline_featured_image":false,"footnotes":""},"class_list":["post-68","page","type-page","status-publish","hentry"],"acf":[],"_links":{"self":[{"href":"https:\/\/www.hotellondressthonore-paris.com\/de\/wp-json\/wp\/v2\/pages\/68","targetHints":{"allow":["GET"]}}],"collection":[{"href":"https:\/\/www.hotellondressthonore-paris.com\/de\/wp-json\/wp\/v2\/pages"}],"about":[{"href":"https:\/\/www.hotellondressthonore-paris.com\/de\/wp-json\/wp\/v2\/types\/page"}],"author":[{"embeddable":true,"href":"https:\/\/www.hotellondressthonore-paris.com\/de\/wp-json\/wp\/v2\/users\/7"}],"replies":[{"embeddable":true,"href":"https:\/\/www.hotellondressthonore-paris.com\/de\/wp-json\/wp\/v2\/comments?post=68"}],"version-history":[{"count":263,"href":"https:\/\/www.hotellondressthonore-paris.com\/de\/wp-json\/wp\/v2\/pages\/68\/revisions"}],"predecessor-version":[{"id":4020,"href":"https:\/\/www.hotellondressthonore-paris.com\/de\/wp-json\/wp\/v2\/pages\/68\/revisions\/4020"}],"wp:attachment":[{"href":"https:\/\/www.hotellondressthonore-paris.com\/de\/wp-json\/wp\/v2\/media?parent=68"}],"curies":[{"name":"wp","href":"https:\/\/api.w.org\/{rel}","templated":true}]}}