{"id":3263,"date":"2025-02-19T12:29:13","date_gmt":"2025-02-19T11:29:13","guid":{"rendered":"https:\/\/www.hotellondressthonore-paris.com\/?page_id=3263"},"modified":"2025-03-25T08:42:22","modified_gmt":"2025-03-25T07:42:22","slug":"hotel-paris-tuileries","status":"publish","type":"page","link":"https:\/\/www.hotellondressthonore-paris.com\/de\/activites\/hotel-paris-tuileries\/","title":{"rendered":"Anderswo in Paris"},"content":{"rendered":"<div data-elementor-type=\"wp-page\" data-elementor-id=\"3263\" class=\"elementor elementor-3263\" data-elementor-post-type=\"page\">\n\t\t\t\t<div class=\"elementor-element elementor-element-7e28f043 e-con-full e-flex e-con e-parent\" data-id=\"7e28f043\" data-element_type=\"container\" data-e-type=\"container\" data-settings=\"{&quot;background_background&quot;:&quot;classic&quot;}\">\n\t\t\t\t<div class=\"elementor-element elementor-element-22325961 elementor-widget elementor-widget-heading\" data-id=\"22325961\" data-element_type=\"widget\" data-e-type=\"widget\" data-widget_type=\"heading.default\">\n\t\t\t\t<div class=\"elementor-widget-container\">\n\t\t\t\t\t<span class=\"elementor-heading-title elementor-size-default\">Anderswo in Paris<\/span>\t\t\t\t<\/div>\n\t\t\t\t<\/div>\n\t\t\t\t<div class=\"elementor-element elementor-element-d63f350 elementor-widget elementor-widget-heading\" data-id=\"d63f350\" data-element_type=\"widget\" data-e-type=\"widget\" data-widget_type=\"heading.default\">\n\t\t\t\t<div class=\"elementor-widget-container\">\n\t\t\t\t\t<h1 class=\"elementor-heading-title elementor-size-default\">Hotel Paris Tuileries<\/h1>\t\t\t\t<\/div>\n\t\t\t\t<\/div>\n\t\t\t\t<\/div>\n\t\t<div class=\"elementor-element elementor-element-148fbbce e-con-full e-flex e-con e-parent\" data-id=\"148fbbce\" data-element_type=\"container\" data-e-type=\"container\">\n\t\t\t\t<div class=\"elementor-element elementor-element-64bfdd2 elementor-mobile-align-center elementor-widget elementor-widget-button\" data-id=\"64bfdd2\" data-element_type=\"widget\" data-e-type=\"widget\" data-widget_type=\"button.default\">\n\t\t\t\t<div class=\"elementor-widget-container\">\n\t\t\t\t\t\t\t\t\t<div class=\"elementor-button-wrapper\">\n\t\t\t\t\t<a class=\"elementor-button elementor-button-link elementor-size-sm\" href=\"https:\/\/www.hotellondressthonore-paris.com\/de\/activites\/st-honore-paris\/\">\n\t\t\t\t\t\t<span class=\"elementor-button-content-wrapper\">\n\t\t\t\t\t\t<span class=\"elementor-button-icon\">\n\t\t\t\t<i aria-hidden=\"true\" class=\"eliofont eliofont-arrow-left\"><\/i>\t\t\t<\/span>\n\t\t\t\t\t\t\t\t\t<span class=\"elementor-button-text\">Vorheriges Reiseziel<\/span>\n\t\t\t\t\t<\/span>\n\t\t\t\t\t<\/a>\n\t\t\t\t<\/div>\n\t\t\t\t\t\t\t\t<\/div>\n\t\t\t\t<\/div>\n\t\t\t\t<div class=\"elementor-element elementor-element-b498f75 elementor-mobile-align-center elementor-widget elementor-widget-button\" data-id=\"b498f75\" data-element_type=\"widget\" data-e-type=\"widget\" data-widget_type=\"button.default\">\n\t\t\t\t<div class=\"elementor-widget-container\">\n\t\t\t\t\t\t\t\t\t<div class=\"elementor-button-wrapper\">\n\t\t\t\t\t<a class=\"elementor-button elementor-button-link elementor-size-sm\" href=\"https:\/\/www.hotellondressthonore-paris.com\/de\/activites\/hotel-metro-ligne-1-paris\/\">\n\t\t\t\t\t\t<span class=\"elementor-button-content-wrapper\">\n\t\t\t\t\t\t<span class=\"elementor-button-icon\">\n\t\t\t\t<i aria-hidden=\"true\" class=\"eliofont eliofont-arrow-right\"><\/i>\t\t\t<\/span>\n\t\t\t\t\t\t\t\t\t<span class=\"elementor-button-text\">N\u00e4chstes Ziel<\/span>\n\t\t\t\t\t<\/span>\n\t\t\t\t\t<\/a>\n\t\t\t\t<\/div>\n\t\t\t\t\t\t\t\t<\/div>\n\t\t\t\t<\/div>\n\t\t\t\t<\/div>\n\t\t<div class=\"elementor-element elementor-element-c5e1986 e-con-full fade-bloc e-flex e-con e-parent\" data-id=\"c5e1986\" data-element_type=\"container\" data-e-type=\"container\" data-settings=\"{&quot;background_background&quot;:&quot;classic&quot;}\">\n\t\t<div class=\"elementor-element elementor-element-22e26e7 e-con-full fade-content e-flex e-con e-child\" data-id=\"22e26e7\" data-element_type=\"container\" data-e-type=\"container\" data-settings=\"{&quot;background_background&quot;:&quot;classic&quot;}\">\n\t\t<div class=\"elementor-element elementor-element-12d2bde e-flex e-con-boxed e-con e-child\" data-id=\"12d2bde\" data-element_type=\"container\" data-e-type=\"container\">\n\t\t\t\t\t<div class=\"e-con-inner\">\n\t\t\t\t<div class=\"elementor-element elementor-element-88821d7 fade-title elementor-widget elementor-widget-heading\" data-id=\"88821d7\" data-element_type=\"widget\" data-e-type=\"widget\" data-widget_type=\"heading.default\">\n\t\t\t\t<div class=\"elementor-widget-container\">\n\t\t\t\t\t<h2 class=\"elementor-heading-title elementor-size-default\">Paris \u00fcber den 1.<\/h2>\t\t\t\t<\/div>\n\t\t\t\t<\/div>\n\t\t\t\t<div class=\"elementor-element elementor-element-cf71ab2 fade-text elementor-widget elementor-widget-text-editor\" data-id=\"cf71ab2\" data-element_type=\"widget\" data-e-type=\"widget\" data-widget_type=\"text-editor.default\">\n\t\t\t\t<div class=\"elementor-widget-container\">\n\t\t\t\t\t\t\t\t\t<p>Paris besteht nicht nur aus dem 1. Arrondissement: Die Stadt ist voll von Vierteln mit einer einzigartigen Atmosph\u00e4re, von denen jedes ein unvergessliches Erlebnis bietet.<\/p><p>Beginnen Sie in Montmartre, diesem hochgelegenen Dorf, wo gepflasterte Gassen, K\u00fcnstler auf dem Place du Tertre und die majest\u00e4tische Basilika Sacr\u00e9-C\u0153ur Sie in eine malerische Szenerie eintauchen lassen. Der Blick von den Anh\u00f6hen auf Paris ist einfach magisch.<\/p><p>Erkunden Sie auf dem Weg ins Zentrum das Marais, ein Viertel, in dem sich Geschichte und Moderne kreuzen. Es ist ein pulsierender und eklektischer Ort mit herrschaftlichen Hotels, unumg\u00e4nglichen Museen wie dem Picasso-Museum und trendigen Boutiquen. Genie\u00dfen Sie eine Feinschmeckerpause in einem der vielen belebten Caf\u00e9s.<\/p>\t\t\t\t\t\t\t\t<\/div>\n\t\t\t\t<\/div>\n\t\t\t\t\t<\/div>\n\t\t\t\t<\/div>\n\t\t\t\t<\/div>\n\t\t<div class=\"elementor-element elementor-element-9b71bf0 e-con-full e-flex e-con e-child\" data-id=\"9b71bf0\" data-element_type=\"container\" data-e-type=\"container\" data-settings=\"{&quot;background_background&quot;:&quot;classic&quot;}\">\n\t\t\t\t<\/div>\n\t\t\t\t<\/div>\n\t\t<div class=\"elementor-element elementor-element-076255b e-con-full fade-bloc e-flex e-con e-parent\" data-id=\"076255b\" data-element_type=\"container\" data-e-type=\"container\">\n\t\t<div class=\"elementor-element elementor-element-01f3108 e-con-full fade-content e-flex e-con e-child\" data-id=\"01f3108\" data-element_type=\"container\" data-e-type=\"container\" data-settings=\"{&quot;background_background&quot;:&quot;classic&quot;}\">\n\t\t<div class=\"elementor-element elementor-element-465b5a8 e-flex e-con-boxed e-con e-child\" data-id=\"465b5a8\" data-element_type=\"container\" data-e-type=\"container\">\n\t\t\t\t\t<div class=\"e-con-inner\">\n\t\t\t\t<div class=\"elementor-element elementor-element-0177c28 fade-title elementor-widget elementor-widget-heading\" data-id=\"0177c28\" data-element_type=\"widget\" data-e-type=\"widget\" data-widget_type=\"heading.default\">\n\t\t\t\t<div class=\"elementor-widget-container\">\n\t\t\t\t\t<h2 class=\"elementor-heading-title elementor-size-default\">ein Mosaik von Stadtvierteln, die es zu erkunden gilt<\/h2>\t\t\t\t<\/div>\n\t\t\t\t<\/div>\n\t\t\t\t<div class=\"elementor-element elementor-element-909c2f5 fade-text elementor-widget elementor-widget-text-editor\" data-id=\"909c2f5\" data-element_type=\"widget\" data-e-type=\"widget\" data-widget_type=\"text-editor.default\">\n\t\t\t\t<div class=\"elementor-widget-container\">\n\t\t\t\t\t\t\t\t\t<p>Setzen Sie Ihren Spaziergang in Saint-Germain-des-Pr\u00e9s fort, dem Hort der K\u00fcnstler und Schriftsteller, wo ein Bummel durch Buchhandlungen, Kunstgalerien und historische Brasserien wie Les Deux Magots ein wahres Vergn\u00fcgen ist. Von hier aus erreichen Sie das Quartier Latin und tauchen in das studentische Treiben rund um die Sorbonne und das Pantheon ein.<\/p><p>Um in das gr\u00fcne Paris einzutauchen, entscheiden Sie sich f\u00fcr einen Spaziergang entlang der Coul\u00e9e Verte, einem versteckten h\u00e4ngenden Garten im Herzen der Stadt, oder entspannen Sie sich im Parc des Buttes-Chaumont mit seinen Klippen und dem malerischen See.<\/p><p>Und schlie\u00dflich w\u00e4re kein Aufenthalt vollst\u00e4ndig, ohne den Eiffelturm bei Einbruch der Dunkelheit glitzern zu sehen oder mit einem Bateau-mouche auf der Seine zu fahren. Paris, die Stadt der tausend Facetten, h\u00e4lt viele \u00dcberraschungen f\u00fcr Sie bereit!<\/p>\t\t\t\t\t\t\t\t<\/div>\n\t\t\t\t<\/div>\n\t\t\t\t\t<\/div>\n\t\t\t\t<\/div>\n\t\t\t\t<\/div>\n\t\t<div class=\"elementor-element elementor-element-09187d4 e-con-full e-flex e-con e-child\" data-id=\"09187d4\" data-element_type=\"container\" data-e-type=\"container\" data-settings=\"{&quot;background_background&quot;:&quot;classic&quot;}\">\n\t\t\t\t<\/div>\n\t\t\t\t<\/div>\n\t\t\t\t<\/div>","protected":false},"excerpt":{"rendered":"<p>H\u00f4tel Paris Tuileries Destination pr\u00e9c\u00e9dente Destination suivante Paris au-del\u00e0 du 1er Paris ne se limite pas au 1er arrondissement : la ville regorge de quartiers \u00e0 l\u2019atmosph\u00e8re unique, chacun offrant une exp\u00e9rience inoubliable. Commencez par Montmartre, ce village perch\u00e9 o\u00f9 ruelles pav\u00e9es, artistes de la place du Tertre et la majestueuse basilique du Sacr\u00e9-C\u0153ur vous [&hellip;]<\/p>\n","protected":false},"author":8,"featured_media":0,"parent":67,"menu_order":0,"comment_status":"closed","ping_status":"closed","template":"","meta":{"_acf_changed":false,"inline_featured_image":false,"footnotes":""},"class_list":["post-3263","page","type-page","status-publish","hentry"],"acf":[],"_links":{"self":[{"href":"https:\/\/www.hotellondressthonore-paris.com\/de\/wp-json\/wp\/v2\/pages\/3263","targetHints":{"allow":["GET"]}}],"collection":[{"href":"https:\/\/www.hotellondressthonore-paris.com\/de\/wp-json\/wp\/v2\/pages"}],"about":[{"href":"https:\/\/www.hotellondressthonore-paris.com\/de\/wp-json\/wp\/v2\/types\/page"}],"author":[{"embeddable":true,"href":"https:\/\/www.hotellondressthonore-paris.com\/de\/wp-json\/wp\/v2\/users\/8"}],"replies":[{"embeddable":true,"href":"https:\/\/www.hotellondressthonore-paris.com\/de\/wp-json\/wp\/v2\/comments?post=3263"}],"version-history":[{"count":20,"href":"https:\/\/www.hotellondressthonore-paris.com\/de\/wp-json\/wp\/v2\/pages\/3263\/revisions"}],"predecessor-version":[{"id":3898,"href":"https:\/\/www.hotellondressthonore-paris.com\/de\/wp-json\/wp\/v2\/pages\/3263\/revisions\/3898"}],"up":[{"embeddable":true,"href":"https:\/\/www.hotellondressthonore-paris.com\/de\/wp-json\/wp\/v2\/pages\/67"}],"wp:attachment":[{"href":"https:\/\/www.hotellondressthonore-paris.com\/de\/wp-json\/wp\/v2\/media?parent=3263"}],"curies":[{"name":"wp","href":"https:\/\/api.w.org\/{rel}","templated":true}]}}