{"id":3260,"date":"2025-02-19T12:28:34","date_gmt":"2025-02-19T11:28:34","guid":{"rendered":"https:\/\/www.hotellondressthonore-paris.com\/?page_id=3260"},"modified":"2025-03-25T08:41:49","modified_gmt":"2025-03-25T07:41:49","slug":"st-honore-paris","status":"publish","type":"page","link":"https:\/\/www.hotellondressthonore-paris.com\/de\/activites\/st-honore-paris\/","title":{"rendered":"Ausg\u00e4nge"},"content":{"rendered":"<div data-elementor-type=\"wp-page\" data-elementor-id=\"3260\" class=\"elementor elementor-3260\" data-elementor-post-type=\"page\">\n\t\t\t\t<div class=\"elementor-element elementor-element-7e28f043 e-con-full e-flex e-con e-parent\" data-id=\"7e28f043\" data-element_type=\"container\" data-e-type=\"container\" data-settings=\"{&quot;background_background&quot;:&quot;classic&quot;}\">\n\t\t\t\t<div class=\"elementor-element elementor-element-22325961 elementor-widget elementor-widget-heading\" data-id=\"22325961\" data-element_type=\"widget\" data-e-type=\"widget\" data-widget_type=\"heading.default\">\n\t\t\t\t<div class=\"elementor-widget-container\">\n\t\t\t\t\t<span class=\"elementor-heading-title elementor-size-default\">Ausg\u00e4nge<\/span>\t\t\t\t<\/div>\n\t\t\t\t<\/div>\n\t\t\t\t<div class=\"elementor-element elementor-element-d63f350 elementor-widget elementor-widget-heading\" data-id=\"d63f350\" data-element_type=\"widget\" data-e-type=\"widget\" data-widget_type=\"heading.default\">\n\t\t\t\t<div class=\"elementor-widget-container\">\n\t\t\t\t\t<h1 class=\"elementor-heading-title elementor-size-default\">St-Honor\u00e9 Paris<\/h1>\t\t\t\t<\/div>\n\t\t\t\t<\/div>\n\t\t\t\t<\/div>\n\t\t<div class=\"elementor-element elementor-element-148fbbce e-con-full e-flex e-con e-parent\" data-id=\"148fbbce\" data-element_type=\"container\" data-e-type=\"container\">\n\t\t\t\t<div class=\"elementor-element elementor-element-64bfdd2 elementor-mobile-align-center elementor-widget elementor-widget-button\" data-id=\"64bfdd2\" data-element_type=\"widget\" data-e-type=\"widget\" data-widget_type=\"button.default\">\n\t\t\t\t<div class=\"elementor-widget-container\">\n\t\t\t\t\t\t\t\t\t<div class=\"elementor-button-wrapper\">\n\t\t\t\t\t<a class=\"elementor-button elementor-button-link elementor-size-sm\" href=\"https:\/\/www.hotellondressthonore-paris.com\/de\/activites\/hotel-place-concorde\/\">\n\t\t\t\t\t\t<span class=\"elementor-button-content-wrapper\">\n\t\t\t\t\t\t<span class=\"elementor-button-icon\">\n\t\t\t\t<i aria-hidden=\"true\" class=\"eliofont eliofont-arrow-left\"><\/i>\t\t\t<\/span>\n\t\t\t\t\t\t\t\t\t<span class=\"elementor-button-text\">Vorheriges Reiseziel<\/span>\n\t\t\t\t\t<\/span>\n\t\t\t\t\t<\/a>\n\t\t\t\t<\/div>\n\t\t\t\t\t\t\t\t<\/div>\n\t\t\t\t<\/div>\n\t\t\t\t<div class=\"elementor-element elementor-element-b498f75 elementor-mobile-align-center elementor-widget elementor-widget-button\" data-id=\"b498f75\" data-element_type=\"widget\" data-e-type=\"widget\" data-widget_type=\"button.default\">\n\t\t\t\t<div class=\"elementor-widget-container\">\n\t\t\t\t\t\t\t\t\t<div class=\"elementor-button-wrapper\">\n\t\t\t\t\t<a class=\"elementor-button elementor-button-link elementor-size-sm\" href=\"https:\/\/www.hotellondressthonore-paris.com\/de\/activites\/hotel-paris-tuileries\/\">\n\t\t\t\t\t\t<span class=\"elementor-button-content-wrapper\">\n\t\t\t\t\t\t<span class=\"elementor-button-icon\">\n\t\t\t\t<i aria-hidden=\"true\" class=\"eliofont eliofont-arrow-right\"><\/i>\t\t\t<\/span>\n\t\t\t\t\t\t\t\t\t<span class=\"elementor-button-text\">N\u00e4chstes Ziel<\/span>\n\t\t\t\t\t<\/span>\n\t\t\t\t\t<\/a>\n\t\t\t\t<\/div>\n\t\t\t\t\t\t\t\t<\/div>\n\t\t\t\t<\/div>\n\t\t\t\t<\/div>\n\t\t<div class=\"elementor-element elementor-element-c5e1986 e-con-full fade-bloc e-flex e-con e-parent\" data-id=\"c5e1986\" data-element_type=\"container\" data-e-type=\"container\" data-settings=\"{&quot;background_background&quot;:&quot;classic&quot;}\">\n\t\t<div class=\"elementor-element elementor-element-22e26e7 e-con-full fade-content e-flex e-con e-child\" data-id=\"22e26e7\" data-element_type=\"container\" data-e-type=\"container\" data-settings=\"{&quot;background_background&quot;:&quot;classic&quot;}\">\n\t\t<div class=\"elementor-element elementor-element-12d2bde e-flex e-con-boxed e-con e-child\" data-id=\"12d2bde\" data-element_type=\"container\" data-e-type=\"container\">\n\t\t\t\t\t<div class=\"e-con-inner\">\n\t\t\t\t<div class=\"elementor-element elementor-element-88821d7 fade-title elementor-widget elementor-widget-heading\" data-id=\"88821d7\" data-element_type=\"widget\" data-e-type=\"widget\" data-widget_type=\"heading.default\">\n\t\t\t\t<div class=\"elementor-widget-container\">\n\t\t\t\t\t<h2 class=\"elementor-heading-title elementor-size-default\">Paris bei Nacht<\/h2>\t\t\t\t<\/div>\n\t\t\t\t<\/div>\n\t\t\t\t<div class=\"elementor-element elementor-element-cf71ab2 fade-text elementor-widget elementor-widget-text-editor\" data-id=\"cf71ab2\" data-element_type=\"widget\" data-e-type=\"widget\" data-widget_type=\"text-editor.default\">\n\t\t\t\t<div class=\"elementor-widget-container\">\n\t\t\t\t\t\t\t\t\t<p>Paris erstrahlt bei Einbruch der Dunkelheit im Lichterglanz und bietet eine Vielzahl von Ausgehm\u00f6glichkeiten f\u00fcr jeden Geschmack. Egal, ob Sie sich f\u00fcr Shows, Gastronomie oder lebhafte Abende interessieren, in der Hauptstadt mangelt es nicht an M\u00f6glichkeiten, sich zu am\u00fcsieren.<\/p><p>Beginnen Sie den Abend mit einem Abendessen in einem typischen Pariser Bistro, einem Sternerestaurant oder einer lebhaften Brasserie. Im Marais, in Saint-Germain-des-Pr\u00e9s und auf dem Montmartre gibt es zahlreiche Adressen, an denen Sie eine raffinierte K\u00fcche genie\u00dfen oder einen Drink auf der Terrasse zu sich nehmen k\u00f6nnen. F\u00fcr ein ungew\u00f6hnliches Erlebnis entscheiden Sie sich f\u00fcr eine Dinner-Kreuzfahrt auf der Seine, bei der Sie einen atemberaubenden Blick auf die beleuchteten Sehensw\u00fcrdigkeiten haben.<\/p><p>Was die Shows betrifft, lassen Sie sich vom Glamour des Moulin Rouge oder des Lido verf\u00fchren, wo Federn und Pailletten Ihnen die Augen f\u00fcllen werden. Theater- und Musicalfans kommen in den zahlreichen Pariser Theatern auf ihre Kosten, von der Op\u00e9ra Garnier bis hin zu den intimeren S\u00e4len im Quartier Latin.<\/p>\t\t\t\t\t\t\t\t<\/div>\n\t\t\t\t<\/div>\n\t\t\t\t\t<\/div>\n\t\t\t\t<\/div>\n\t\t\t\t<\/div>\n\t\t<div class=\"elementor-element elementor-element-9b71bf0 e-con-full e-flex e-con e-child\" data-id=\"9b71bf0\" data-element_type=\"container\" data-e-type=\"container\" data-settings=\"{&quot;background_background&quot;:&quot;classic&quot;}\">\n\t\t\t\t<\/div>\n\t\t\t\t<\/div>\n\t\t<div class=\"elementor-element elementor-element-076255b e-con-full fade-bloc e-flex e-con e-parent\" data-id=\"076255b\" data-element_type=\"container\" data-e-type=\"container\">\n\t\t<div class=\"elementor-element elementor-element-01f3108 e-con-full fade-content e-flex e-con e-child\" data-id=\"01f3108\" data-element_type=\"container\" data-e-type=\"container\" data-settings=\"{&quot;background_background&quot;:&quot;classic&quot;}\">\n\t\t<div class=\"elementor-element elementor-element-465b5a8 e-flex e-con-boxed e-con e-child\" data-id=\"465b5a8\" data-element_type=\"container\" data-e-type=\"container\">\n\t\t\t\t\t<div class=\"e-con-inner\">\n\t\t\t\t<div class=\"elementor-element elementor-element-0177c28 fade-title elementor-widget elementor-widget-heading\" data-id=\"0177c28\" data-element_type=\"widget\" data-e-type=\"widget\" data-widget_type=\"heading.default\">\n\t\t\t\t<div class=\"elementor-widget-container\">\n\t\t\t\t\t<h2 class=\"elementor-heading-title elementor-size-default\">ein Glanz von Magie und Unterhaltung<\/h2>\t\t\t\t<\/div>\n\t\t\t\t<\/div>\n\t\t\t\t<div class=\"elementor-element elementor-element-909c2f5 fade-text elementor-widget elementor-widget-text-editor\" data-id=\"909c2f5\" data-element_type=\"widget\" data-e-type=\"widget\" data-widget_type=\"text-editor.default\">\n\t\t\t\t<div class=\"elementor-widget-container\">\n\t\t\t\t\t\t\t\t\t<p>Haben Sie Lust auf Musik? In Paris gibt es unz\u00e4hlige Konzerts\u00e4le, vom Z\u00e9nith \u00fcber die Philharmonie bis hin zu historischen Jazzclubs wie dem Le Duc des Lombards. F\u00fcr einen festlicheren Abend erkunden Sie die Bars im Marais, die Rooftops in Belleville oder die Elektro-Clubs in La Villette.<\/p><p>Und warum sollten Sie die Nacht nicht mit einem Spaziergang unter den Lichtern des Eiffelturms oder einem Schlummertrunk auf einem auf der Seine schippernden Bateau-mouche ausklingen lassen? In Paris ist jeder Abend eine Einladung zum Feiern!<\/p>\t\t\t\t\t\t\t\t<\/div>\n\t\t\t\t<\/div>\n\t\t\t\t\t<\/div>\n\t\t\t\t<\/div>\n\t\t\t\t<\/div>\n\t\t<div class=\"elementor-element elementor-element-09187d4 e-con-full e-flex e-con e-child\" data-id=\"09187d4\" data-element_type=\"container\" data-e-type=\"container\" data-settings=\"{&quot;background_background&quot;:&quot;classic&quot;}\">\n\t\t\t\t<\/div>\n\t\t\t\t<\/div>\n\t\t\t\t<\/div>","protected":false},"excerpt":{"rendered":"<p>St-Honor\u00e9 Paris Destination pr\u00e9c\u00e9dente Destination suivante Paris la nuit Paris s\u2019illumine \u00e0 la nuit tomb\u00e9e et offre une multitude de sorties pour tous les go\u00fbts. Que vous soyez amateur de spectacles, de gastronomie ou de soir\u00e9es anim\u00e9es, la capitale ne manque pas d\u2019options pour vous divertir. Commencez la soir\u00e9e par un d\u00eener dans un bistrot [&hellip;]<\/p>\n","protected":false},"author":8,"featured_media":0,"parent":67,"menu_order":0,"comment_status":"closed","ping_status":"closed","template":"","meta":{"_acf_changed":false,"inline_featured_image":false,"footnotes":""},"class_list":["post-3260","page","type-page","status-publish","hentry"],"acf":[],"_links":{"self":[{"href":"https:\/\/www.hotellondressthonore-paris.com\/de\/wp-json\/wp\/v2\/pages\/3260","targetHints":{"allow":["GET"]}}],"collection":[{"href":"https:\/\/www.hotellondressthonore-paris.com\/de\/wp-json\/wp\/v2\/pages"}],"about":[{"href":"https:\/\/www.hotellondressthonore-paris.com\/de\/wp-json\/wp\/v2\/types\/page"}],"author":[{"embeddable":true,"href":"https:\/\/www.hotellondressthonore-paris.com\/de\/wp-json\/wp\/v2\/users\/8"}],"replies":[{"embeddable":true,"href":"https:\/\/www.hotellondressthonore-paris.com\/de\/wp-json\/wp\/v2\/comments?post=3260"}],"version-history":[{"count":20,"href":"https:\/\/www.hotellondressthonore-paris.com\/de\/wp-json\/wp\/v2\/pages\/3260\/revisions"}],"predecessor-version":[{"id":3895,"href":"https:\/\/www.hotellondressthonore-paris.com\/de\/wp-json\/wp\/v2\/pages\/3260\/revisions\/3895"}],"up":[{"embeddable":true,"href":"https:\/\/www.hotellondressthonore-paris.com\/de\/wp-json\/wp\/v2\/pages\/67"}],"wp:attachment":[{"href":"https:\/\/www.hotellondressthonore-paris.com\/de\/wp-json\/wp\/v2\/media?parent=3260"}],"curies":[{"name":"wp","href":"https:\/\/api.w.org\/{rel}","templated":true}]}}