{"id":1498,"date":"2023-07-04T12:22:06","date_gmt":"2023-07-04T10:22:06","guid":{"rendered":"https:\/\/www.hotellondressthonore-paris.com\/?page_id=1498"},"modified":"2025-03-25T08:40:10","modified_gmt":"2025-03-25T07:40:10","slug":"hotel-quartier-opera","status":"publish","type":"page","link":"https:\/\/www.hotellondressthonore-paris.com\/de\/activites\/hotel-quartier-opera\/","title":{"rendered":"Oper"},"content":{"rendered":"<div data-elementor-type=\"wp-page\" data-elementor-id=\"1498\" class=\"elementor elementor-1498\" data-elementor-post-type=\"page\">\n\t\t\t\t<div class=\"elementor-element elementor-element-6d2c3873 e-con-full e-flex e-con e-parent\" data-id=\"6d2c3873\" data-element_type=\"container\" data-e-type=\"container\" data-settings=\"{&quot;background_background&quot;:&quot;classic&quot;}\">\n\t\t\t\t<div class=\"elementor-element elementor-element-466ad0bc elementor-widget elementor-widget-heading\" data-id=\"466ad0bc\" data-element_type=\"widget\" data-e-type=\"widget\" data-widget_type=\"heading.default\">\n\t\t\t\t<div class=\"elementor-widget-container\">\n\t\t\t\t\t<span class=\"elementor-heading-title elementor-size-default\">Oper<\/span>\t\t\t\t<\/div>\n\t\t\t\t<\/div>\n\t\t\t\t<div class=\"elementor-element elementor-element-e37f927 elementor-widget elementor-widget-heading\" data-id=\"e37f927\" data-element_type=\"widget\" data-e-type=\"widget\" data-widget_type=\"heading.default\">\n\t\t\t\t<div class=\"elementor-widget-container\">\n\t\t\t\t\t<h1 class=\"elementor-heading-title elementor-size-default\">Hotel Paris quartier Op\u00e9ra<\/h1>\t\t\t\t<\/div>\n\t\t\t\t<\/div>\n\t\t\t\t<\/div>\n\t\t<div class=\"elementor-element elementor-element-181ca25d e-con-full e-flex e-con e-parent\" data-id=\"181ca25d\" data-element_type=\"container\" data-e-type=\"container\">\n\t\t\t\t<div class=\"elementor-element elementor-element-68f4b34d elementor-mobile-align-center elementor-widget elementor-widget-button\" data-id=\"68f4b34d\" data-element_type=\"widget\" data-e-type=\"widget\" data-widget_type=\"button.default\">\n\t\t\t\t<div class=\"elementor-widget-container\">\n\t\t\t\t\t\t\t\t\t<div class=\"elementor-button-wrapper\">\n\t\t\t\t\t<a class=\"elementor-button elementor-button-link elementor-size-sm\" href=\"https:\/\/www.hotellondressthonore-paris.com\/de\/activites\/hotel-musee-louvre\/\">\n\t\t\t\t\t\t<span class=\"elementor-button-content-wrapper\">\n\t\t\t\t\t\t<span class=\"elementor-button-icon\">\n\t\t\t\t<i aria-hidden=\"true\" class=\"eliofont eliofont-arrow-left\"><\/i>\t\t\t<\/span>\n\t\t\t\t\t\t\t\t\t<span class=\"elementor-button-text\">Vorheriges Reiseziel<\/span>\n\t\t\t\t\t<\/span>\n\t\t\t\t\t<\/a>\n\t\t\t\t<\/div>\n\t\t\t\t\t\t\t\t<\/div>\n\t\t\t\t<\/div>\n\t\t\t\t<div class=\"elementor-element elementor-element-14f51ce0 elementor-mobile-align-center elementor-widget elementor-widget-button\" data-id=\"14f51ce0\" data-element_type=\"widget\" data-e-type=\"widget\" data-widget_type=\"button.default\">\n\t\t\t\t<div class=\"elementor-widget-container\">\n\t\t\t\t\t\t\t\t\t<div class=\"elementor-button-wrapper\">\n\t\t\t\t\t<a class=\"elementor-button elementor-button-link elementor-size-sm\" href=\"https:\/\/www.hotellondressthonore-paris.com\/de\/activites\/hotel-place-vendome\/\">\n\t\t\t\t\t\t<span class=\"elementor-button-content-wrapper\">\n\t\t\t\t\t\t<span class=\"elementor-button-icon\">\n\t\t\t\t<i aria-hidden=\"true\" class=\"eliofont eliofont-arrow-right\"><\/i>\t\t\t<\/span>\n\t\t\t\t\t\t\t\t\t<span class=\"elementor-button-text\">N\u00e4chstes Ziel<\/span>\n\t\t\t\t\t<\/span>\n\t\t\t\t\t<\/a>\n\t\t\t\t<\/div>\n\t\t\t\t\t\t\t\t<\/div>\n\t\t\t\t<\/div>\n\t\t\t\t<\/div>\n\t\t<div class=\"elementor-element elementor-element-106d8d7 e-con-full fade-bloc e-flex e-con e-parent\" data-id=\"106d8d7\" data-element_type=\"container\" data-e-type=\"container\" data-settings=\"{&quot;background_background&quot;:&quot;classic&quot;}\">\n\t\t<div class=\"elementor-element elementor-element-25a0fd9 e-con-full fade-content e-flex e-con e-child\" data-id=\"25a0fd9\" data-element_type=\"container\" data-e-type=\"container\" data-settings=\"{&quot;background_background&quot;:&quot;classic&quot;}\">\n\t\t<div class=\"elementor-element elementor-element-df1f01d e-flex e-con-boxed e-con e-child\" data-id=\"df1f01d\" data-element_type=\"container\" data-e-type=\"container\">\n\t\t\t\t\t<div class=\"e-con-inner\">\n\t\t\t\t<div class=\"elementor-element elementor-element-4803416 fade-title elementor-widget elementor-widget-heading\" data-id=\"4803416\" data-element_type=\"widget\" data-e-type=\"widget\" data-widget_type=\"heading.default\">\n\t\t\t\t<div class=\"elementor-widget-container\">\n\t\t\t\t\t<h2 class=\"elementor-heading-title elementor-size-default\">Die Oper Garnier<\/h2>\t\t\t\t<\/div>\n\t\t\t\t<\/div>\n\t\t\t\t<div class=\"elementor-element elementor-element-fe193be fade-text elementor-widget elementor-widget-text-editor\" data-id=\"fe193be\" data-element_type=\"widget\" data-e-type=\"widget\" data-widget_type=\"text-editor.default\">\n\t\t\t\t<div class=\"elementor-widget-container\">\n\t\t\t\t\t\t\t\t\t<p>Ein Aufenthalt in Paris bedeutet, in eine Welt einzutauchen, in der Geschichte und Kunst auf elegante Weise miteinander verschmelzen. Die Op\u00e9ra Garnier, die nur wenige Minuten von Ihrem Hotel entfernt liegt, ist eines der sch\u00f6nsten architektonischen Meisterwerke der Hauptstadt. Der von Charles Garnier entworfene und 1875 er\u00f6ffnete Palast, der der Musik und dem Tanz gewidmet ist, fasziniert durch seine Gr\u00f6\u00dfe und Raffinesse.<\/p><p>Lassen Sie sich bei Ihrer Ankunft von der prunkvollen, mit Skulpturen und Vergoldungen verzierten Fassade beeindrucken. Die gro\u00dfe Marmortreppe, die Deckenfresken von Chagall im Zuschauerraum und das majest\u00e4tische Tanzfoyer erinnern an die Pracht der Kaiserzeit.<\/p>\t\t\t\t\t\t\t\t<\/div>\n\t\t\t\t<\/div>\n\t\t\t\t\t<\/div>\n\t\t\t\t<\/div>\n\t\t\t\t<\/div>\n\t\t<div class=\"elementor-element elementor-element-c968b2e e-con-full e-flex e-con e-child\" data-id=\"c968b2e\" data-element_type=\"container\" data-e-type=\"container\" data-settings=\"{&quot;background_background&quot;:&quot;classic&quot;}\">\n\t\t\t\t<\/div>\n\t\t\t\t<\/div>\n\t\t<div class=\"elementor-element elementor-element-5cc0712 e-con-full fade-bloc e-flex e-con e-parent\" data-id=\"5cc0712\" data-element_type=\"container\" data-e-type=\"container\">\n\t\t<div class=\"elementor-element elementor-element-3c730ac e-con-full fade-content e-flex e-con e-child\" data-id=\"3c730ac\" data-element_type=\"container\" data-e-type=\"container\" data-settings=\"{&quot;background_background&quot;:&quot;classic&quot;}\">\n\t\t<div class=\"elementor-element elementor-element-f4f9772 e-flex e-con-boxed e-con e-child\" data-id=\"f4f9772\" data-element_type=\"container\" data-e-type=\"container\">\n\t\t\t\t\t<div class=\"e-con-inner\">\n\t\t\t\t<div class=\"elementor-element elementor-element-f903346 fade-title elementor-widget elementor-widget-heading\" data-id=\"f903346\" data-element_type=\"widget\" data-e-type=\"widget\" data-widget_type=\"heading.default\">\n\t\t\t\t<div class=\"elementor-widget-container\">\n\t\t\t\t\t<h2 class=\"elementor-heading-title elementor-size-default\">ein Pariser Juwel nur wenige Schritte von Ihrem Hotel entfernt<\/h2>\t\t\t\t<\/div>\n\t\t\t\t<\/div>\n\t\t\t\t<div class=\"elementor-element elementor-element-610a317 fade-text elementor-widget elementor-widget-text-editor\" data-id=\"610a317\" data-element_type=\"widget\" data-e-type=\"widget\" data-widget_type=\"text-editor.default\">\n\t\t\t\t<div class=\"elementor-widget-container\">\n\t\t\t\t\t\t\t\t\t<p>Ob Sie nun Opern- oder Ballettliebhaber sind oder einfach nur neugierig, diesen symboltr\u00e4chtigen Ort zu entdecken, es stehen Ihnen mehrere M\u00f6glichkeiten offen. Besuchen Sie eine unvergessliche Auff\u00fchrung in diesem prachtvollen Rahmen, in dem regelm\u00e4\u00dfig die gr\u00f6\u00dften K\u00fcnstler auftreten. Wenn Sie einen Besuch auf eigene Faust bevorzugen, k\u00f6nnen Sie die Op\u00e9ra Garnier in Ihrem eigenen Tempo erkunden und in die Geheimnisse ihrer Architektur und Geschichte eintauchen, insbesondere in die Legende des ber\u00fchmten Phantoms der Oper.<\/p><p>In der Umgebung k\u00f6nnen Sie einen Spaziergang auf der eleganten Avenue de l'Op\u00e9ra genie\u00dfen, die Luxusboutiquen der Galeries Lafayette erkunden oder sich in einem der vielen schicken Caf\u00e9s in der Umgebung entspannen.<\/p><p>Die Op\u00e9ra Garnier ist mehr als nur ein Bauwerk: Sie ist ein Eintauchen in die Eleganz und Kultur von Paris, das Sie bei Ihrem Aufenthalt unbedingt erleben sollten.<\/p>\t\t\t\t\t\t\t\t<\/div>\n\t\t\t\t<\/div>\n\t\t\t\t\t<\/div>\n\t\t\t\t<\/div>\n\t\t\t\t<\/div>\n\t\t<div class=\"elementor-element elementor-element-94e121a e-con-full e-flex e-con e-child\" data-id=\"94e121a\" data-element_type=\"container\" data-e-type=\"container\" data-settings=\"{&quot;background_background&quot;:&quot;classic&quot;}\">\n\t\t\t\t<\/div>\n\t\t\t\t<\/div>\n\t\t\t\t<\/div>","protected":false},"excerpt":{"rendered":"<p>H\u00f4tel Paris quartier Op\u00e9ra Destination pr\u00e9c\u00e9dente Destination suivante L\u2019Op\u00e9ra Garnier S\u00e9journer \u00e0 Paris, c\u2019est plonger dans un univers o\u00f9 l\u2019histoire et l\u2019art se m\u00ealent avec \u00e9l\u00e9gance. \u00c0 quelques minutes de votre h\u00f4tel, l\u2019Op\u00e9ra Garnier s\u2019impose comme l\u2019un des plus beaux chefs-d\u2019\u0153uvre architecturaux de la capitale. Con\u00e7u par Charles Garnier et inaugur\u00e9 en 1875, ce palais [&hellip;]<\/p>\n","protected":false},"author":13,"featured_media":0,"parent":67,"menu_order":0,"comment_status":"closed","ping_status":"closed","template":"","meta":{"_acf_changed":false,"inline_featured_image":false,"footnotes":""},"class_list":["post-1498","page","type-page","status-publish","hentry"],"acf":[],"_links":{"self":[{"href":"https:\/\/www.hotellondressthonore-paris.com\/de\/wp-json\/wp\/v2\/pages\/1498","targetHints":{"allow":["GET"]}}],"collection":[{"href":"https:\/\/www.hotellondressthonore-paris.com\/de\/wp-json\/wp\/v2\/pages"}],"about":[{"href":"https:\/\/www.hotellondressthonore-paris.com\/de\/wp-json\/wp\/v2\/types\/page"}],"author":[{"embeddable":true,"href":"https:\/\/www.hotellondressthonore-paris.com\/de\/wp-json\/wp\/v2\/users\/13"}],"replies":[{"embeddable":true,"href":"https:\/\/www.hotellondressthonore-paris.com\/de\/wp-json\/wp\/v2\/comments?post=1498"}],"version-history":[{"count":38,"href":"https:\/\/www.hotellondressthonore-paris.com\/de\/wp-json\/wp\/v2\/pages\/1498\/revisions"}],"predecessor-version":[{"id":3886,"href":"https:\/\/www.hotellondressthonore-paris.com\/de\/wp-json\/wp\/v2\/pages\/1498\/revisions\/3886"}],"up":[{"embeddable":true,"href":"https:\/\/www.hotellondressthonore-paris.com\/de\/wp-json\/wp\/v2\/pages\/67"}],"wp:attachment":[{"href":"https:\/\/www.hotellondressthonore-paris.com\/de\/wp-json\/wp\/v2\/media?parent=1498"}],"curies":[{"name":"wp","href":"https:\/\/api.w.org\/{rel}","templated":true}]}}